{"id":4372,"date":"2025-07-30T23:44:08","date_gmt":"2025-07-30T23:44:08","guid":{"rendered":"https:\/\/estancco.com.ar\/?page_id=4372"},"modified":"2025-09-26T20:04:05","modified_gmt":"2025-09-26T20:04:05","slug":"control-externo","status":"publish","type":"page","link":"https:\/\/estancco.com.ar\/pt\/control-externo\/","title":{"rendered":"Control externo (5.3)"},"content":{"rendered":"<div data-elementor-type=\"wp-page\" data-elementor-id=\"4372\" class=\"elementor elementor-4372\" data-elementor-post-type=\"page\">\n\t\t\t\t<div class=\"elementor-element elementor-element-dfed468 e-flex e-con-boxed e-con e-parent\" data-id=\"dfed468\" data-element_type=\"container\" data-e-type=\"container\">\n\t\t\t\t\t<div class=\"e-con-inner\">\n\t\t\t\t<div class=\"elementor-element elementor-element-4cc3405 elementor-widget elementor-widget-heading\" data-id=\"4cc3405\" data-element_type=\"widget\" data-e-type=\"widget\" data-widget_type=\"heading.default\">\n\t\t\t\t<div class=\"elementor-widget-container\">\n\t\t\t\t\t<h2 class=\"elementor-heading-title elementor-size-default\">Controle externo<\/h2>\t\t\t\t<\/div>\n\t\t\t\t<\/div>\n\t\t<div class=\"elementor-element elementor-element-1bb1039 e-con-full e-flex e-con e-child\" data-id=\"1bb1039\" data-element_type=\"container\" data-e-type=\"container\">\n\t\t\t\t<div class=\"elementor-element elementor-element-f79d8b0 elementor-widget elementor-widget-image\" data-id=\"f79d8b0\" data-element_type=\"widget\" data-e-type=\"widget\" data-widget_type=\"image.default\">\n\t\t\t\t<div class=\"elementor-widget-container\">\n\t\t\t\t\t\t\t\t\t\t\t\t\t\t\t<img fetchpriority=\"high\" decoding=\"async\" width=\"1024\" height=\"768\" src=\"https:\/\/estancco.com.ar\/wp-content\/uploads\/2025\/07\/Imagen-13.jpg\" class=\"attachment-full size-full wp-image-4320\" alt=\"\" srcset=\"https:\/\/estancco.com.ar\/wp-content\/uploads\/2025\/07\/Imagen-13.jpg 1024w, https:\/\/estancco.com.ar\/wp-content\/uploads\/2025\/07\/Imagen-13-300x225.jpg 300w, https:\/\/estancco.com.ar\/wp-content\/uploads\/2025\/07\/Imagen-13-768x576.jpg 768w\" sizes=\"(max-width: 1024px) 100vw, 1024px\" \/>\t\t\t\t\t\t\t\t\t\t\t\t\t\t\t<\/div>\n\t\t\t\t<\/div>\n\t\t\t\t<\/div>\n\t\t\t\t\t<\/div>\n\t\t\t\t<\/div>\n\t\t<div class=\"elementor-element elementor-element-be406c3 e-flex e-con-boxed e-con e-parent\" data-id=\"be406c3\" data-element_type=\"container\" data-e-type=\"container\">\n\t\t\t\t\t<div class=\"e-con-inner\">\n\t\t\t\t<div class=\"elementor-element elementor-element-d8c75f3 elementor-widget__width-initial elementor-widget elementor-widget-text-editor\" data-id=\"d8c75f3\" data-element_type=\"widget\" data-e-type=\"widget\" data-widget_type=\"text-editor.default\">\n\t\t\t\t<div class=\"elementor-widget-container\">\n\t\t\t\t\t\t\t\t\t<p>Com esse conceito de controle, todos os sinais do atuador, como sinais do interruptor de limite, sinais do limitador de torque, sinais de prote\u00e7\u00e3o do motor ou, se necess\u00e1rio, sinais de posi\u00e7\u00e3o da v\u00e1lvula, s\u00e3o transmitidos para um sistema de controle externo e processados l\u00e1. Ao projetar o sistema de controle, os mecanismos de prote\u00e7\u00e3o necess\u00e1rios devem ser levados em considera\u00e7\u00e3o e deve-se garantir que o atraso de desligamento n\u00e3o seja muito longo.<\/p><p>O painel de distribui\u00e7\u00e3o para controle do motor tamb\u00e9m deve ser instalado no gabinete de controle e conectado ao atuador.\u00a0<\/p><p>Se forem necess\u00e1rios controles locais, eles devem ser instalados pr\u00f3ximos ao atuador e integrados ao controle externo.<\/p>\t\t\t\t\t\t\t\t<\/div>\n\t\t\t\t<\/div>\n\t\t\t\t\t<\/div>\n\t\t\t\t<\/div>\n\t\t<div class=\"elementor-element elementor-element-39aa415 e-flex e-con-boxed e-con e-parent\" data-id=\"39aa415\" data-element_type=\"container\" data-e-type=\"container\">\n\t\t\t\t\t<div class=\"e-con-inner\">\n\t\t\t\t<div class=\"elementor-element elementor-element-0cd988e elementor-widget elementor-widget-image\" data-id=\"0cd988e\" data-element_type=\"widget\" data-e-type=\"widget\" data-widget_type=\"image.default\">\n\t\t\t\t<div class=\"elementor-widget-container\">\n\t\t\t\t\t\t\t\t\t\t\t\t\t\t\t\t<a href=\"https:\/\/estancco.com.ar\/wp-content\/uploads\/2025\/07\/Imagen-10.png\" data-elementor-open-lightbox=\"yes\" data-elementor-lightbox-title=\"Imagen 10\" data-e-action-hash=\"#elementor-action%3Aaction%3Dlightbox%26settings%3DeyJpZCI6NDM3NCwidXJsIjoiaHR0cHM6XC9cL2VzdGFuY2NvLmNvbS5hclwvd3AtY29udGVudFwvdXBsb2Fkc1wvMjAyNVwvMDdcL0ltYWdlbi0xMC5wbmcifQ%3D%3D\">\n\t\t\t\t\t\t\t<img decoding=\"async\" width=\"1344\" height=\"454\" src=\"https:\/\/estancco.com.ar\/wp-content\/uploads\/2025\/07\/Imagen-10.png\" class=\"attachment-full size-full wp-image-4374\" alt=\"\" srcset=\"https:\/\/estancco.com.ar\/wp-content\/uploads\/2025\/07\/Imagen-10.png 1344w, https:\/\/estancco.com.ar\/wp-content\/uploads\/2025\/07\/Imagen-10-300x101.png 300w, https:\/\/estancco.com.ar\/wp-content\/uploads\/2025\/07\/Imagen-10-1024x346.png 1024w, https:\/\/estancco.com.ar\/wp-content\/uploads\/2025\/07\/Imagen-10-768x259.png 768w\" sizes=\"(max-width: 1344px) 100vw, 1344px\" \/>\t\t\t\t\t\t\t\t<\/a>\n\t\t\t\t\t\t\t\t\t\t\t\t\t\t\t<\/div>\n\t\t\t\t<\/div>\n\t\t\t\t\t<\/div>\n\t\t\t\t<\/div>\n\t\t\t\t<\/div>","protected":false},"excerpt":{"rendered":"<p>Control externo Con este concepto de control todas las se\u00f1ales del actuador,como se\u00f1ales de final de carrera, de limitador de par, de protecci\u00f3n del motor o, dado el caso, de posici\u00f3n de la v\u00e1lvula, se transmiten a un control externo y se procesan en \u00e9l. Durante la proyectaci\u00f3n del control se deben tener en consideraci\u00f3n [&hellip;]<\/p>","protected":false},"author":9,"featured_media":0,"parent":0,"menu_order":0,"comment_status":"closed","ping_status":"closed","template":"","meta":{"om_disable_all_campaigns":false,"_monsterinsights_skip_tracking":false,"_monsterinsights_sitenote_active":false,"_monsterinsights_sitenote_note":"","_monsterinsights_sitenote_category":0,"_uf_show_specific_survey":0,"_uf_disable_surveys":false,"footnotes":""},"class_list":["post-4372","page","type-page","status-publish","hentry"],"aioseo_notices":[],"_links":{"self":[{"href":"https:\/\/estancco.com.ar\/pt\/wp-json\/wp\/v2\/pages\/4372","targetHints":{"allow":["GET"]}}],"collection":[{"href":"https:\/\/estancco.com.ar\/pt\/wp-json\/wp\/v2\/pages"}],"about":[{"href":"https:\/\/estancco.com.ar\/pt\/wp-json\/wp\/v2\/types\/page"}],"author":[{"embeddable":true,"href":"https:\/\/estancco.com.ar\/pt\/wp-json\/wp\/v2\/users\/9"}],"replies":[{"embeddable":true,"href":"https:\/\/estancco.com.ar\/pt\/wp-json\/wp\/v2\/comments?post=4372"}],"version-history":[{"count":0,"href":"https:\/\/estancco.com.ar\/pt\/wp-json\/wp\/v2\/pages\/4372\/revisions"}],"wp:attachment":[{"href":"https:\/\/estancco.com.ar\/pt\/wp-json\/wp\/v2\/media?parent=4372"}],"curies":[{"name":"wp","href":"https:\/\/api.w.org\/{rel}","templated":true}]}}