{"id":4342,"date":"2025-07-30T23:30:56","date_gmt":"2025-07-30T23:30:56","guid":{"rendered":"https:\/\/estancco.com.ar\/?page_id=4342"},"modified":"2025-09-26T20:09:36","modified_gmt":"2025-09-26T20:09:36","slug":"controlador-integrado-ac-01-2","status":"publish","type":"page","link":"https:\/\/estancco.com.ar\/pt\/controlador-integrado-ac-01-2\/","title":{"rendered":"Controlador Integrado AC 01.2 (5.1)"},"content":{"rendered":"<div data-elementor-type=\"wp-page\" data-elementor-id=\"4342\" class=\"elementor elementor-4342\" data-elementor-post-type=\"page\">\n\t\t\t\t<div class=\"elementor-element elementor-element-dfed468 e-flex e-con-boxed e-con e-parent\" data-id=\"dfed468\" data-element_type=\"container\" data-e-type=\"container\">\n\t\t\t\t\t<div class=\"e-con-inner\">\n\t\t\t\t<div class=\"elementor-element elementor-element-4cc3405 elementor-widget elementor-widget-heading\" data-id=\"4cc3405\" data-element_type=\"widget\" data-e-type=\"widget\" data-widget_type=\"heading.default\">\n\t\t\t\t<div class=\"elementor-widget-container\">\n\t\t\t\t\t<h2 class=\"elementor-heading-title elementor-size-default\">Controlador integrado (com microprocessador) AC 01.2<\/h2>\t\t\t\t<\/div>\n\t\t\t\t<\/div>\n\t\t<div class=\"elementor-element elementor-element-1bb1039 e-con-full e-flex e-con e-child\" data-id=\"1bb1039\" data-element_type=\"container\" data-e-type=\"container\">\n\t\t\t\t<div class=\"elementor-element elementor-element-e618e8a elementor-widget elementor-widget-heading\" data-id=\"e618e8a\" data-element_type=\"widget\" data-e-type=\"widget\" data-widget_type=\"heading.default\">\n\t\t\t\t<div class=\"elementor-widget-container\">\n\t\t\t\t\t<h2 class=\"elementor-heading-title elementor-size-default\">Principais diferen\u00e7as entre os controladores<\/h2>\t\t\t\t<\/div>\n\t\t\t\t<\/div>\n\t\t\t\t<div class=\"elementor-element elementor-element-f79d8b0 elementor-widget elementor-widget-image\" data-id=\"f79d8b0\" data-element_type=\"widget\" data-e-type=\"widget\" data-widget_type=\"image.default\">\n\t\t\t\t<div class=\"elementor-widget-container\">\n\t\t\t\t\t\t\t\t\t\t\t\t\t\t\t\t<a href=\"https:\/\/estancco.com.ar\/wp-content\/uploads\/2025\/07\/Imagen-9.png\" data-elementor-open-lightbox=\"yes\" data-elementor-lightbox-title=\"Imagen 9\" data-e-action-hash=\"#elementor-action%3Aaction%3Dlightbox%26settings%3DeyJpZCI6NDMxOSwidXJsIjoiaHR0cHM6XC9cL2VzdGFuY2NvLmNvbS5hclwvd3AtY29udGVudFwvdXBsb2Fkc1wvMjAyNVwvMDdcL0ltYWdlbi05LnBuZyJ9\">\n\t\t\t\t\t\t\t<img fetchpriority=\"high\" decoding=\"async\" width=\"1297\" height=\"488\" src=\"https:\/\/estancco.com.ar\/wp-content\/uploads\/2025\/07\/Imagen-9.png\" class=\"attachment-full size-full wp-image-4319\" alt=\"\" srcset=\"https:\/\/estancco.com.ar\/wp-content\/uploads\/2025\/07\/Imagen-9.png 1297w, https:\/\/estancco.com.ar\/wp-content\/uploads\/2025\/07\/Imagen-9-300x113.png 300w, https:\/\/estancco.com.ar\/wp-content\/uploads\/2025\/07\/Imagen-9-1024x385.png 1024w, https:\/\/estancco.com.ar\/wp-content\/uploads\/2025\/07\/Imagen-9-768x289.png 768w\" sizes=\"(max-width: 1297px) 100vw, 1297px\" \/>\t\t\t\t\t\t\t\t<\/a>\n\t\t\t\t\t\t\t\t\t\t\t\t\t\t\t<\/div>\n\t\t\t\t<\/div>\n\t\t\t\t<div class=\"elementor-element elementor-element-61ef4ed elementor-widget elementor-widget-image\" data-id=\"61ef4ed\" data-element_type=\"widget\" data-e-type=\"widget\" data-widget_type=\"image.default\">\n\t\t\t\t<div class=\"elementor-widget-container\">\n\t\t\t\t\t\t\t\t\t\t\t\t\t\t\t<img decoding=\"async\" width=\"1115\" height=\"739\" src=\"https:\/\/estancco.com.ar\/wp-content\/uploads\/2025\/07\/Tabla-10.png\" class=\"attachment-full size-full wp-image-4344\" alt=\"\" srcset=\"https:\/\/estancco.com.ar\/wp-content\/uploads\/2025\/07\/Tabla-10.png 1115w, https:\/\/estancco.com.ar\/wp-content\/uploads\/2025\/07\/Tabla-10-300x199.png 300w, https:\/\/estancco.com.ar\/wp-content\/uploads\/2025\/07\/Tabla-10-1024x679.png 1024w, https:\/\/estancco.com.ar\/wp-content\/uploads\/2025\/07\/Tabla-10-768x509.png 768w\" sizes=\"(max-width: 1115px) 100vw, 1115px\" \/>\t\t\t\t\t\t\t\t\t\t\t\t\t\t\t<\/div>\n\t\t\t\t<\/div>\n\t\t\t\t<\/div>\n\t\t\t\t\t<\/div>\n\t\t\t\t<\/div>\n\t\t<div class=\"elementor-element elementor-element-be406c3 e-flex e-con-boxed e-con e-parent\" data-id=\"be406c3\" data-element_type=\"container\" data-e-type=\"container\">\n\t\t\t\t\t<div class=\"e-con-inner\">\n\t\t\t\t<div class=\"elementor-element elementor-element-d8c75f3 elementor-widget__width-initial elementor-widget elementor-widget-text-editor\" data-id=\"d8c75f3\" data-element_type=\"widget\" data-e-type=\"widget\" data-widget_type=\"text-editor.default\">\n\t\t\t\t<div class=\"elementor-widget-container\">\n\t\t\t\t\t\t\t\t\t<p>Se a aplica\u00e7\u00e3o exigir fun\u00e7\u00f5es de controle autoajust\u00e1veis, se for desejado o registro de dados operacionais, se a interface precisar ter possibilidades de configura\u00e7\u00e3o ou se a v\u00e1lvula e o atuador tiverem de ser integrados a um sistema de gerenciamento de ativos da f\u00e1brica para diagn\u00f3sticos avan\u00e7ados, o AC \u00e9 o controle integrado certo.<\/p><p>O CA tem uma interface paralela livremente configur\u00e1vel e\/ou interfaces para sistemas de barramento de campo que s\u00e3o frequentemente encontrados no campo.\u00a0<span style=\"font-size: 1rem;\">na automa\u00e7\u00e3o de processos.<\/span><\/p><p>As fun\u00e7\u00f5es de diagn\u00f3stico incluem um registro de eventos com registro de data e hora, a ado\u00e7\u00e3o de curvas caracter\u00edsticas de torque, o registro cont\u00ednuo de temperaturas e vibra\u00e7\u00f5es no atuador ou a contagem de partidas e tempos de funcionamento do motor. <span style=\"font-size: 1rem;\">Al\u00e9m das fun\u00e7\u00f5es b\u00e1sicas, o CA oferece v\u00e1rias possibilidades\u00a0<\/span><span style=\"font-size: 1rem;\">para atender a requisitos especiais. Por exemplo, o by-pass\u00a0<\/span><span style=\"font-size: 1rem;\">limitador de torque para liberar as v\u00e1lvulas de suas posi\u00e7\u00f5es ou fun\u00e7\u00f5es fixas\u00a0<\/span><span style=\"font-size: 1rem;\">para alterar o tempo de manobra a fim de evitar\u00a0<\/span><span style=\"font-size: 1rem;\">press\u00e3o na tubula\u00e7\u00e3o.<\/span><\/p><p>O foco principal do desenvolvimento do AC 01.2 est\u00e1 em sua opera\u00e7\u00e3o simples e na f\u00e1cil integra\u00e7\u00e3o dos atuadores ao sistema de automa\u00e7\u00e3o. Gra\u00e7as ao grande display gr\u00e1fico, o controle pode ser configurado por meio da orienta\u00e7\u00e3o do menu ou, alternativamente, por meio do AUMA CDT (consulte a p\u00e1gina 28) via conex\u00e3o sem fio Bluetooth. No caso de conex\u00e3o fieldbus, a parametriza\u00e7\u00e3o tamb\u00e9m pode ser realizada a partir da esta\u00e7\u00e3o do operador.<\/p>\t\t\t\t\t\t\t\t<\/div>\n\t\t\t\t<\/div>\n\t\t\t\t\t<\/div>\n\t\t\t\t<\/div>\n\t\t<div class=\"elementor-element elementor-element-39aa415 e-flex e-con-boxed e-con e-parent\" data-id=\"39aa415\" data-element_type=\"container\" data-e-type=\"container\">\n\t\t\t\t\t<div class=\"e-con-inner\">\n\t\t\t\t<div class=\"elementor-element elementor-element-5adf932 elementor-widget elementor-widget-heading\" data-id=\"5adf932\" data-element_type=\"widget\" data-e-type=\"widget\" data-widget_type=\"heading.default\">\n\t\t\t\t<div class=\"elementor-widget-container\">\n\t\t\t\t\t<h2 class=\"elementor-heading-title elementor-size-default\">Vis\u00e3o geral das fun\u00e7\u00f5es<\/h2>\t\t\t\t<\/div>\n\t\t\t\t<\/div>\n\t\t\t\t<div class=\"elementor-element elementor-element-0cd988e elementor-widget elementor-widget-image\" data-id=\"0cd988e\" data-element_type=\"widget\" data-e-type=\"widget\" data-widget_type=\"image.default\">\n\t\t\t\t<div class=\"elementor-widget-container\">\n\t\t\t\t\t\t\t\t\t\t\t\t\t\t\t\t<a href=\"https:\/\/estancco.com.ar\/wp-content\/uploads\/2025\/07\/Tabla-11.png\" data-elementor-open-lightbox=\"yes\" data-elementor-lightbox-title=\"Tabla 11\" data-e-action-hash=\"#elementor-action%3Aaction%3Dlightbox%26settings%3DeyJpZCI6NDM0NSwidXJsIjoiaHR0cHM6XC9cL2VzdGFuY2NvLmNvbS5hclwvd3AtY29udGVudFwvdXBsb2Fkc1wvMjAyNVwvMDdcL1RhYmxhLTExLnBuZyJ9\">\n\t\t\t\t\t\t\t<img decoding=\"async\" width=\"649\" height=\"643\" src=\"https:\/\/estancco.com.ar\/wp-content\/uploads\/2025\/07\/Tabla-11.png\" class=\"attachment-full size-full wp-image-4345\" alt=\"\" srcset=\"https:\/\/estancco.com.ar\/wp-content\/uploads\/2025\/07\/Tabla-11.png 649w, https:\/\/estancco.com.ar\/wp-content\/uploads\/2025\/07\/Tabla-11-300x297.png 300w, https:\/\/estancco.com.ar\/wp-content\/uploads\/2025\/07\/Tabla-11-150x150.png 150w\" sizes=\"(max-width: 649px) 100vw, 649px\" \/>\t\t\t\t\t\t\t\t<\/a>\n\t\t\t\t\t\t\t\t\t\t\t\t\t\t\t<\/div>\n\t\t\t\t<\/div>\n\t\t<div class=\"elementor-element elementor-element-9268b6d e-grid e-con-full e-con e-child\" data-id=\"9268b6d\" data-element_type=\"container\" data-e-type=\"container\" data-settings=\"{&quot;background_background&quot;:&quot;classic&quot;}\">\n\t\t\t\t<div class=\"elementor-element elementor-element-5884406 elementor-align-right elementor-mobile-align-center elementor-widget__width-inherit elementor-widget elementor-widget-button\" data-id=\"5884406\" data-element_type=\"widget\" data-e-type=\"widget\" data-widget_type=\"button.default\">\n\t\t\t\t<div class=\"elementor-widget-container\">\n\t\t\t\t\t\t\t\t\t<div class=\"elementor-button-wrapper\">\n\t\t\t\t\t<a class=\"elementor-button elementor-button-link elementor-size-sm elementor-animation-grow\" href=\"https:\/\/estancco.com.ar\/wp-content\/uploads\/2025\/09\/ESTANCCO_SolicitudCotizacion.pdf\">\n\t\t\t\t\t\t<span class=\"elementor-button-content-wrapper\">\n\t\t\t\t\t\t\t\t\t<span class=\"elementor-button-text\">Informa\u00e7\u00f5es sobre solicita\u00e7\u00e3o de cota\u00e7\u00e3o<\/span>\n\t\t\t\t\t<\/span>\n\t\t\t\t\t<\/a>\n\t\t\t\t<\/div>\n\t\t\t\t\t\t\t\t<\/div>\n\t\t\t\t<\/div>\n\t\t\t\t<div class=\"elementor-element elementor-element-7025d1b elementor-mobile-align-center elementor-widget__width-inherit elementor-widget elementor-widget-button\" data-id=\"7025d1b\" data-element_type=\"widget\" data-e-type=\"widget\" data-widget_type=\"button.default\">\n\t\t\t\t<div class=\"elementor-widget-container\">\n\t\t\t\t\t\t\t\t\t<div class=\"elementor-button-wrapper\">\n\t\t\t\t\t<a class=\"elementor-button elementor-button-link elementor-size-sm elementor-animation-grow\" href=\"https:\/\/estancco.com.ar\/wp-content\/uploads\/2025\/08\/5.1-Control-AC-01.2-Microprocesado.pdf\" target=\"_blank\">\n\t\t\t\t\t\t<span class=\"elementor-button-content-wrapper\">\n\t\t\t\t\t\t\t\t\t<span class=\"elementor-button-text\">Baixar Controle AC 01.2<\/span>\n\t\t\t\t\t<\/span>\n\t\t\t\t\t<\/a>\n\t\t\t\t<\/div>\n\t\t\t\t\t\t\t\t<\/div>\n\t\t\t\t<\/div>\n\t\t\t\t<\/div>\n\t\t\t\t\t<\/div>\n\t\t\t\t<\/div>\n\t\t\t\t<\/div>","protected":false},"excerpt":{"rendered":"<p>Controlador Integrado (Con microprocesador) AC 01.2 Principales diferencias entre controladores Si la aplicaci\u00f3n exige funciones de regulaci\u00f3n de ajuste autom\u00e1tico, si se desea el registro de los datos operativos, si el interface debe disponer de posibilidades de confi guraci\u00f3n o si la v\u00e1lvula y el actuador se deben integrar en un sistema de Plant Asset [&hellip;]<\/p>","protected":false},"author":9,"featured_media":0,"parent":0,"menu_order":0,"comment_status":"closed","ping_status":"closed","template":"","meta":{"om_disable_all_campaigns":false,"_monsterinsights_skip_tracking":false,"_monsterinsights_sitenote_active":false,"_monsterinsights_sitenote_note":"","_monsterinsights_sitenote_category":0,"_uf_show_specific_survey":0,"_uf_disable_surveys":false,"footnotes":""},"class_list":["post-4342","page","type-page","status-publish","hentry"],"aioseo_notices":[],"_links":{"self":[{"href":"https:\/\/estancco.com.ar\/pt\/wp-json\/wp\/v2\/pages\/4342","targetHints":{"allow":["GET"]}}],"collection":[{"href":"https:\/\/estancco.com.ar\/pt\/wp-json\/wp\/v2\/pages"}],"about":[{"href":"https:\/\/estancco.com.ar\/pt\/wp-json\/wp\/v2\/types\/page"}],"author":[{"embeddable":true,"href":"https:\/\/estancco.com.ar\/pt\/wp-json\/wp\/v2\/users\/9"}],"replies":[{"embeddable":true,"href":"https:\/\/estancco.com.ar\/pt\/wp-json\/wp\/v2\/comments?post=4342"}],"version-history":[{"count":0,"href":"https:\/\/estancco.com.ar\/pt\/wp-json\/wp\/v2\/pages\/4342\/revisions"}],"wp:attachment":[{"href":"https:\/\/estancco.com.ar\/pt\/wp-json\/wp\/v2\/media?parent=4342"}],"curies":[{"name":"wp","href":"https:\/\/api.w.org\/{rel}","templated":true}]}}