{"id":4305,"date":"2025-07-30T20:13:07","date_gmt":"2025-07-30T20:13:07","guid":{"rendered":"https:\/\/estancco.com.ar\/?page_id=4305"},"modified":"2025-09-22T22:20:48","modified_gmt":"2025-09-22T22:20:48","slug":"actuadores-sa-ght","status":"publish","type":"page","link":"https:\/\/estancco.com.ar\/pt\/actuadores-sa-ght\/","title":{"rendered":"Actuadores (SA+ GHT) 4.2"},"content":{"rendered":"<div data-elementor-type=\"wp-page\" data-elementor-id=\"4305\" class=\"elementor elementor-4305\" data-elementor-post-type=\"page\">\n\t\t\t\t<div class=\"elementor-element elementor-element-5d4b89f e-flex e-con-boxed e-con e-parent\" data-id=\"5d4b89f\" data-element_type=\"container\" data-e-type=\"container\">\n\t\t\t\t\t<div class=\"e-con-inner\">\n\t\t<div class=\"elementor-element elementor-element-b2938e9 e-con-full e-flex e-con e-child\" data-id=\"b2938e9\" data-element_type=\"container\" data-e-type=\"container\">\n\t\t\t\t<div class=\"elementor-element elementor-element-9b5b48d elementor-widget elementor-widget-image\" data-id=\"9b5b48d\" data-element_type=\"widget\" data-e-type=\"widget\" data-widget_type=\"image.default\">\n\t\t\t\t<div class=\"elementor-widget-container\">\n\t\t\t\t\t\t\t\t\t\t\t\t\t\t\t<img fetchpriority=\"high\" decoding=\"async\" width=\"768\" height=\"1024\" src=\"https:\/\/estancco.com.ar\/wp-content\/uploads\/2025\/07\/imagen-7.jpg\" class=\"attachment-full size-full wp-image-4285\" alt=\"\" srcset=\"https:\/\/estancco.com.ar\/wp-content\/uploads\/2025\/07\/imagen-7.jpg 768w, https:\/\/estancco.com.ar\/wp-content\/uploads\/2025\/07\/imagen-7-225x300.jpg 225w\" sizes=\"(max-width: 768px) 100vw, 768px\" \/>\t\t\t\t\t\t\t\t\t\t\t\t\t\t\t<\/div>\n\t\t\t\t<\/div>\n\t\t\t\t<\/div>\n\t\t<div class=\"elementor-element elementor-element-4322675 e-con-full e-flex e-con e-child\" data-id=\"4322675\" data-element_type=\"container\" data-e-type=\"container\">\n\t\t<div class=\"elementor-element elementor-element-308c975 e-con-full e-flex e-con e-child\" data-id=\"308c975\" data-element_type=\"container\" data-e-type=\"container\" data-settings=\"{&quot;background_background&quot;:&quot;classic&quot;}\">\n\t\t\t\t<div class=\"elementor-element elementor-element-7057f4e elementor-widget elementor-widget-heading\" data-id=\"7057f4e\" data-element_type=\"widget\" data-e-type=\"widget\" data-widget_type=\"heading.default\">\n\t\t\t\t<div class=\"elementor-widget-container\">\n\t\t\t\t\t<h2 class=\"elementor-heading-title elementor-size-default\">Atuadores \"On - Off \/ Modulante\" (32.000 - 120.000 Nm) (SA + GHT)<\/h2>\t\t\t\t<\/div>\n\t\t\t\t<\/div>\n\t\t\t\t<div class=\"elementor-element elementor-element-e1c6ad3 elementor-widget__width-inherit elementor-widget elementor-widget-button\" data-id=\"e1c6ad3\" data-element_type=\"widget\" data-e-type=\"widget\" data-widget_type=\"button.default\">\n\t\t\t\t<div class=\"elementor-widget-container\">\n\t\t\t\t\t\t\t\t\t<div class=\"elementor-button-wrapper\">\n\t\t\t\t\t<a class=\"elementor-button elementor-button-link elementor-size-sm elementor-animation-grow\" href=\"https:\/\/estancco.com.ar\/wp-content\/uploads\/2025\/09\/ESTANCCO_SolicitudCotizacion.pdf\" target=\"_blank\">\n\t\t\t\t\t\t<span class=\"elementor-button-content-wrapper\">\n\t\t\t\t\t\t\t\t\t<span class=\"elementor-button-text\">Informa\u00e7\u00f5es sobre solicita\u00e7\u00e3o de cota\u00e7\u00e3o<\/span>\n\t\t\t\t\t<\/span>\n\t\t\t\t\t<\/a>\n\t\t\t\t<\/div>\n\t\t\t\t\t\t\t\t<\/div>\n\t\t\t\t<\/div>\n\t\t\t\t<\/div>\n\t\t\t\t<\/div>\n\t\t\t\t\t<\/div>\n\t\t\t\t<\/div>\n\t\t<div class=\"elementor-element elementor-element-62496d7 e-flex e-con-boxed e-con e-parent\" data-id=\"62496d7\" data-element_type=\"container\" data-e-type=\"container\">\n\t\t\t\t\t<div class=\"e-con-inner\">\n\t\t\t\t<div class=\"elementor-element elementor-element-2ed2411 elementor-widget elementor-widget-heading\" data-id=\"2ed2411\" data-element_type=\"widget\" data-e-type=\"widget\" data-widget_type=\"heading.default\">\n\t\t\t\t<div class=\"elementor-widget-container\">\n\t\t\t\t\t<h2 class=\"elementor-heading-title elementor-size-default\">ATUADORES MULTIVOLTAS SA COM CAIXAS DE ENGRENAGENS MULTIVOLTAS GHT<\/h2>\t\t\t\t<\/div>\n\t\t\t\t<\/div>\n\t\t\t\t<div class=\"elementor-element elementor-element-f02691f elementor-widget elementor-widget-text-editor\" data-id=\"f02691f\" data-element_type=\"widget\" data-e-type=\"widget\" data-widget_type=\"text-editor.default\">\n\t\t\t\t<div class=\"elementor-widget-container\">\n\t\t\t\t\t\t\t\t\t<p>Os redutores de rosca sem fim GHT em combina\u00e7\u00e3o com um atuador SA formam um atuador multivoltas com torques de sa\u00edda mais altos. Quando equipado com um GHT, a faixa de torque da s\u00e9rie SA \u00e9 quase quadruplicada. Esses requisitos de alto torque podem ser encontrados, por exemplo, em grandes port\u00f5es, represas ou amortecedores.<\/p>\t\t\t\t\t\t\t\t<\/div>\n\t\t\t\t<\/div>\n\t\t\t\t\t<\/div>\n\t\t\t\t<\/div>\n\t\t<div class=\"elementor-element elementor-element-7c53aca e-flex e-con-boxed e-con e-parent\" data-id=\"7c53aca\" data-element_type=\"container\" data-e-type=\"container\">\n\t\t\t\t\t<div class=\"e-con-inner\">\n\t\t\t\t<div class=\"elementor-element elementor-element-f016d48 elementor-widget elementor-widget-heading\" data-id=\"f016d48\" data-element_type=\"widget\" data-e-type=\"widget\" data-widget_type=\"heading.default\">\n\t\t\t\t<div class=\"elementor-widget-container\">\n\t\t\t\t\t<h2 class=\"elementor-heading-title elementor-size-default\">Principais caracter\u00edsticas:<\/h2>\t\t\t\t<\/div>\n\t\t\t\t<\/div>\n\t\t\t\t<div class=\"elementor-element elementor-element-fd932a5 elementor-widget elementor-widget-text-editor\" data-id=\"fd932a5\" data-element_type=\"widget\" data-e-type=\"widget\" data-widget_type=\"text-editor.default\">\n\t\t\t\t<div class=\"elementor-widget-container\">\n\t\t\t\t\t\t\t\t\t<p>-Prote\u00e7\u00e3o de torque, protege o atuador contra sobrecarga ou bloqueio da v\u00e1lvula.<\/p><p>-Fins de corrida program\u00e1veis.<\/p><p>Prote\u00e7\u00e3o contra superaquecimento do motor (140 \u00baC).\u00a0<\/p><p>-Visor de posicionamento fechado, aberto e intermedi\u00e1rio (opcional).<\/p><p>-Resistor de aquecimento interno, reduz a forma\u00e7\u00e3o de condensado.<\/p><p>-IP68 significa prote\u00e7\u00e3o contra inunda\u00e7\u00e3o at\u00e9 um m\u00e1ximo de 8 M.C.A. por um per\u00edodo m\u00e1ximo de 96 horas. At\u00e9 10 opera\u00e7\u00f5es s\u00e3o poss\u00edveis durante a imers\u00e3o.<\/p><p><strong>Estresse no trabalho<\/strong> (p. 70):<\/p><p>Trif\u00e1sico (VCA): 220; 230; 240; 380; 400; 415; 500; 525; 660; 690 (50 Hz).<\/p><p>Monof\u00e1sico (VAC): 230 (50Hz).<\/p><p>-DVC: 24; 48; 60; 110; 220.<\/p>\t\t\t\t\t\t\t\t<\/div>\n\t\t\t\t<\/div>\n\t\t\t\t<div class=\"elementor-element elementor-element-7a0fdce elementor-widget elementor-widget-heading\" data-id=\"7a0fdce\" data-element_type=\"widget\" data-e-type=\"widget\" data-widget_type=\"heading.default\">\n\t\t\t\t<div class=\"elementor-widget-container\">\n\t\t\t\t\t<h2 class=\"elementor-heading-title elementor-size-default\">Tipos de comando para opera\u00e7\u00e3o:<\/h2>\t\t\t\t<\/div>\n\t\t\t\t<\/div>\n\t\t\t\t<div class=\"elementor-element elementor-element-0e9a775 elementor-widget elementor-widget-text-editor\" data-id=\"0e9a775\" data-element_type=\"widget\" data-e-type=\"widget\" data-widget_type=\"text-editor.default\">\n\t\t\t\t<div class=\"elementor-widget-container\">\n\t\t\t\t\t\t\t\t\t<p>-<strong>Remoto (\u00e0 dist\u00e2ncia):<\/strong> Atrav\u00e9s de bot\u00f5es externos, SCADA ou la\u00e7os fechados atrav\u00e9s de PLC (PID).<\/p><p><strong>-Local:<\/strong> Atrav\u00e9s botoneras localizadas no computador ou gabinete externo.<\/p><p><strong>-Manual:<\/strong> Esse meio \u00e9 usado em caso de falta de energia e pode operar uma v\u00e1lvula ou port\u00e3o por meio do volante mec\u00e2nico fornecido com o equipamento.<\/p>\t\t\t\t\t\t\t\t<\/div>\n\t\t\t\t<\/div>\n\t\t\t\t<div class=\"elementor-element elementor-element-61ee2d4 elementor-widget elementor-widget-heading\" data-id=\"61ee2d4\" data-element_type=\"widget\" data-e-type=\"widget\" data-widget_type=\"heading.default\">\n\t\t\t\t<div class=\"elementor-widget-container\">\n\t\t\t\t\t<h2 class=\"elementor-heading-title elementor-size-default\">Tabela de classifica\u00e7\u00e3o:<\/h2>\t\t\t\t<\/div>\n\t\t\t\t<\/div>\n\t\t\t\t<div class=\"elementor-element elementor-element-da899ea elementor-widget elementor-widget-image\" data-id=\"da899ea\" data-element_type=\"widget\" data-e-type=\"widget\" data-widget_type=\"image.default\">\n\t\t\t\t<div class=\"elementor-widget-container\">\n\t\t\t\t\t\t\t\t\t\t\t\t\t\t\t<img decoding=\"async\" width=\"617\" height=\"172\" src=\"https:\/\/estancco.com.ar\/wp-content\/uploads\/2025\/07\/Tabla-8.png\" class=\"attachment-full size-full wp-image-4307\" alt=\"\" srcset=\"https:\/\/estancco.com.ar\/wp-content\/uploads\/2025\/07\/Tabla-8.png 617w, https:\/\/estancco.com.ar\/wp-content\/uploads\/2025\/07\/Tabla-8-300x84.png 300w\" sizes=\"(max-width: 617px) 100vw, 617px\" \/>\t\t\t\t\t\t\t\t\t\t\t\t\t\t\t<\/div>\n\t\t\t\t<\/div>\n\t\t\t\t\t<\/div>\n\t\t\t\t<\/div>\n\t\t\t\t<\/div>","protected":false},"excerpt":{"rendered":"<p>Actuadores \u201cOn &#8211; Off \/ Modulante\u201d (32.000 &#8211; 120.000 Nm) (SA + GHT) Ficha solicitud de cotizaci\u00f3n ACTUADORES MULTIVUELTAS SA CON REDUCTORES MULTIVUELTAS GHT Los reductores sinf\u00edn GHT forman en combinaci\u00f3n con un actuador SA un actuador multivueltas con pares de salida mayores. Con el montaje con un GHT, el rango de par de la [&hellip;]<\/p>","protected":false},"author":9,"featured_media":0,"parent":0,"menu_order":0,"comment_status":"closed","ping_status":"closed","template":"","meta":{"om_disable_all_campaigns":false,"_monsterinsights_skip_tracking":false,"_monsterinsights_sitenote_active":false,"_monsterinsights_sitenote_note":"","_monsterinsights_sitenote_category":0,"_uf_show_specific_survey":0,"_uf_disable_surveys":false,"footnotes":""},"class_list":["post-4305","page","type-page","status-publish","hentry"],"aioseo_notices":[],"_links":{"self":[{"href":"https:\/\/estancco.com.ar\/pt\/wp-json\/wp\/v2\/pages\/4305","targetHints":{"allow":["GET"]}}],"collection":[{"href":"https:\/\/estancco.com.ar\/pt\/wp-json\/wp\/v2\/pages"}],"about":[{"href":"https:\/\/estancco.com.ar\/pt\/wp-json\/wp\/v2\/types\/page"}],"author":[{"embeddable":true,"href":"https:\/\/estancco.com.ar\/pt\/wp-json\/wp\/v2\/users\/9"}],"replies":[{"embeddable":true,"href":"https:\/\/estancco.com.ar\/pt\/wp-json\/wp\/v2\/comments?post=4305"}],"version-history":[{"count":0,"href":"https:\/\/estancco.com.ar\/pt\/wp-json\/wp\/v2\/pages\/4305\/revisions"}],"wp:attachment":[{"href":"https:\/\/estancco.com.ar\/pt\/wp-json\/wp\/v2\/media?parent=4305"}],"curies":[{"name":"wp","href":"https:\/\/api.w.org\/{rel}","templated":true}]}}