{"id":2241,"date":"2024-12-02T11:56:03","date_gmt":"2024-12-02T11:56:03","guid":{"rendered":"https:\/\/estancco.com.ar\/?page_id=2241"},"modified":"2025-09-03T13:15:49","modified_gmt":"2025-09-03T13:15:49","slug":"actuadores-electricos","status":"publish","type":"page","link":"https:\/\/estancco.com.ar\/pt\/actuadores-electricos\/","title":{"rendered":"Actuadores Electricos"},"content":{"rendered":"<div data-elementor-type=\"wp-page\" data-elementor-id=\"2241\" class=\"elementor elementor-2241\" data-elementor-post-type=\"page\">\n\t\t\t\t<div class=\"elementor-element elementor-element-d9019f5 e-flex e-con-boxed e-con e-parent\" data-id=\"d9019f5\" data-element_type=\"container\" data-e-type=\"container\" data-settings=\"{&quot;background_background&quot;:&quot;classic&quot;}\">\n\t\t\t\t\t<div class=\"e-con-inner\">\n\t\t<div class=\"elementor-element elementor-element-4fa4661 e-con-full e-flex e-con e-child\" data-id=\"4fa4661\" data-element_type=\"container\" data-e-type=\"container\">\n\t\t<div class=\"elementor-element elementor-element-246c647 e-con-full e-flex e-con e-child\" data-id=\"246c647\" data-element_type=\"container\" data-e-type=\"container\" data-settings=\"{&quot;background_background&quot;:&quot;classic&quot;}\">\n\t\t\t\t<div class=\"elementor-element elementor-element-7a2b1f2 elementor-widget__width-auto elementor-widget-mobile__width-auto elementor-widget elementor-widget-heading\" data-id=\"7a2b1f2\" data-element_type=\"widget\" data-e-type=\"widget\" data-widget_type=\"heading.default\">\n\t\t\t\t<div class=\"elementor-widget-container\">\n\t\t\t\t\t<h2 class=\"elementor-heading-title elementor-size-default\">ATUADORES\nEL\u00c9TRICOS\n<\/h2>\t\t\t\t<\/div>\n\t\t\t\t<\/div>\n\t\t\t\t<div class=\"elementor-element elementor-element-7e692a5 elementor-widget__width-auto elementor-widget elementor-widget-heading\" data-id=\"7e692a5\" data-element_type=\"widget\" data-e-type=\"widget\" data-widget_type=\"heading.default\">\n\t\t\t\t<div class=\"elementor-widget-container\">\n\t\t\t\t\t<h2 class=\"elementor-heading-title elementor-size-default\">AUMA<\/h2>\t\t\t\t<\/div>\n\t\t\t\t<\/div>\n\t\t\t\t<\/div>\n\t\t\t\t<div class=\"elementor-element elementor-element-157465a p-m0 elementor-widget__width-initial elementor-invisible elementor-widget elementor-widget-text-editor\" data-id=\"157465a\" data-element_type=\"widget\" data-e-type=\"widget\" data-settings=\"{&quot;_animation&quot;:&quot;fadeInUp&quot;,&quot;_animation_delay&quot;:200}\" data-widget_type=\"text-editor.default\">\n\t\t\t\t<div class=\"elementor-widget-container\">\n\t\t\t\t\t\t\t\t\t<p>Projetados para acionar v\u00e1lvulas ou comportas hidr\u00e1ulicas de forma mec\u00e2nica, atrav\u00e9s de um motor el\u00e9trico. Dependendo da aplica\u00e7\u00e3o ou o torque necess\u00e1rio pode-se instalar um atuador el\u00e9trico diretamente sobre a v\u00e1lvula ou combin\u00e1-lo com uma caixa pr\u00e9 redutora.<\/p>\t\t\t\t\t\t\t\t<\/div>\n\t\t\t\t<\/div>\n\t\t<div class=\"elementor-element elementor-element-968e6c6 e-con-full elementor-hidden-desktop e-flex e-con e-child\" data-id=\"968e6c6\" data-element_type=\"container\" data-e-type=\"container\">\n\t\t\t\t<div class=\"elementor-element elementor-element-22a7097 elementor-widget elementor-widget-image\" data-id=\"22a7097\" data-element_type=\"widget\" data-e-type=\"widget\" data-widget_type=\"image.default\">\n\t\t\t\t<div class=\"elementor-widget-container\">\n\t\t\t\t\t\t\t\t\t\t\t\t\t\t\t<img fetchpriority=\"high\" decoding=\"async\" width=\"1440\" height=\"1096\" src=\"https:\/\/estancco.com.ar\/wp-content\/uploads\/2025\/06\/Imagen-3-1.png\" class=\"attachment-full size-full wp-image-3490\" alt=\"\" srcset=\"https:\/\/estancco.com.ar\/wp-content\/uploads\/2025\/06\/Imagen-3-1.png 1440w, https:\/\/estancco.com.ar\/wp-content\/uploads\/2025\/06\/Imagen-3-1-300x228.png 300w, https:\/\/estancco.com.ar\/wp-content\/uploads\/2025\/06\/Imagen-3-1-1024x779.png 1024w, https:\/\/estancco.com.ar\/wp-content\/uploads\/2025\/06\/Imagen-3-1-768x585.png 768w\" sizes=\"(max-width: 1440px) 100vw, 1440px\" \/>\t\t\t\t\t\t\t\t\t\t\t\t\t\t\t<\/div>\n\t\t\t\t<\/div>\n\t\t\t\t<\/div>\n\t\t<a class=\"elementor-element elementor-element-e13f1a4 e-con-full animated-fast e-flex elementor-invisible e-con e-child\" data-id=\"e13f1a4\" data-element_type=\"container\" data-e-type=\"container\" data-settings=\"{&quot;background_background&quot;:&quot;classic&quot;,&quot;animation&quot;:&quot;fadeInUp&quot;,&quot;animation_delay&quot;:650}\" href=\"https:\/\/estancco.com.ar\/wp-content\/uploads\/2024\/12\/1-Catalogo-General-AUMA.pdf\" target=\"_blank\">\n\t\t<div class=\"elementor-element elementor-element-0c73ebf e-con-full e-flex e-con e-child\" data-id=\"0c73ebf\" data-element_type=\"container\" data-e-type=\"container\">\n\t\t\t\t<div class=\"elementor-element elementor-element-b66eac5 elementor-widget elementor-widget-heading\" data-id=\"b66eac5\" data-element_type=\"widget\" data-e-type=\"widget\" data-widget_type=\"heading.default\">\n\t\t\t\t<div class=\"elementor-widget-container\">\n\t\t\t\t\t<p class=\"elementor-heading-title elementor-size-default\">Baixar<\/p>\t\t\t\t<\/div>\n\t\t\t\t<\/div>\n\t\t\t\t<div class=\"elementor-element elementor-element-ad0a250 elementor-widget elementor-widget-heading\" data-id=\"ad0a250\" data-element_type=\"widget\" data-e-type=\"widget\" data-widget_type=\"heading.default\">\n\t\t\t\t<div class=\"elementor-widget-container\">\n\t\t\t\t\t<p class=\"elementor-heading-title elementor-size-default\">Cat\u00e1logo Geral<\/p>\t\t\t\t<\/div>\n\t\t\t\t<\/div>\n\t\t\t\t<\/div>\n\t\t\t\t<div class=\"elementor-element elementor-element-1597989 elementor-widget elementor-widget-html\" data-id=\"1597989\" data-element_type=\"widget\" data-e-type=\"widget\" data-widget_type=\"html.default\">\n\t\t\t\t<div class=\"elementor-widget-container\">\n\t\t\t\t\t<svg width=\"55\" height=\"56\" viewbox=\"0 0 55 56\" fill=\"none\" xmlns=\"http:\/\/www.w3.org\/2000\/svg\">\r\n<path d=\"M16.8 12.9238L16.8 30.1546M16.8 30.1546L24.123 24.776M16.8 30.1546L9.47689 24.776\" stroke=\"#D9D9D9\" stroke-width=\"4\"\/>\r\n<path d=\"M7.00347 50.75H12.2561V56H7.00347C3.14062 56 0 52.8609 0 49V7C0 3.13906 3.14062 0 7.00347 0H25.114C26.9743 0 28.758 0.732813 30.0712 2.04531L39.9745 11.9437C41.2877 13.2562 42.0208 15.0391 42.0208 16.8984V33.25H36.7682V17.5H28.0139C26.077 17.5 24.5122 15.9359 24.5122 14V5.25H7.00347C6.0405 5.25 5.25261 6.0375 5.25261 7V49C5.25261 49.9625 6.0405 50.75 7.00347 50.75ZM19.2596 38.5H22.7613C26.1427 38.5 28.8893 41.2453 28.8893 44.625C28.8893 48.0047 26.1427 50.75 22.7613 50.75H21.0104V54.25C21.0104 55.2125 20.2225 56 19.2596 56C18.2966 56 17.5087 55.2125 17.5087 54.25V49V40.25C17.5087 39.2875 18.2966 38.5 19.2596 38.5ZM22.7613 47.25C24.2167 47.25 25.3876 46.0797 25.3876 44.625C25.3876 43.1703 24.2167 42 22.7613 42H21.0104V47.25H22.7613ZM33.2665 38.5H36.7682C39.6681 38.5 42.0208 40.8516 42.0208 43.75V50.75C42.0208 53.6484 39.6681 56 36.7682 56H33.2665C32.3035 56 31.5156 55.2125 31.5156 54.25V40.25C31.5156 39.2875 32.3035 38.5 33.2665 38.5ZM36.7682 52.5C37.7312 52.5 38.5191 51.7125 38.5191 50.75V43.75C38.5191 42.7875 37.7312 42 36.7682 42H35.0174V52.5H36.7682ZM45.5226 40.25C45.5226 39.2875 46.3105 38.5 47.2735 38.5H52.5261C53.489 38.5 54.2769 39.2875 54.2769 40.25C54.2769 41.2125 53.489 42 52.5261 42H49.0243V45.5H52.5261C53.489 45.5 54.2769 46.2875 54.2769 47.25C54.2769 48.2125 53.489 49 52.5261 49H49.0243V54.25C49.0243 55.2125 48.2364 56 47.2735 56C46.3105 56 45.5226 55.2125 45.5226 54.25V47.25V40.25Z\" fill=\"#D9D9D9\"\/>\r\n<\/svg>\r\n\t\t\t\t<\/div>\n\t\t\t\t<\/div>\n\t\t\t\t<\/a>\n\t\t\t\t<div class=\"elementor-element elementor-element-fed3fb1 p-m0 elementor-widget__width-initial elementor-invisible elementor-widget elementor-widget-text-editor\" data-id=\"fed3fb1\" data-element_type=\"widget\" data-e-type=\"widget\" data-settings=\"{&quot;_animation&quot;:&quot;fadeInUp&quot;,&quot;_animation_delay&quot;:200}\" data-widget_type=\"text-editor.default\">\n\t\t\t\t<div class=\"elementor-widget-container\">\n\t\t\t\t\t\t\t\t\t<p>TIPOS DE OPERA\u00c7\u00c3O:<\/p><p>Eles s\u00e3o divididos em tr\u00eas grupos principais, dependendo do servi\u00e7o desejado:<\/p>\t\t\t\t\t\t\t\t<\/div>\n\t\t\t\t<\/div>\n\t\t\t\t<\/div>\n\t\t<div class=\"elementor-element elementor-element-7315ade e-con-full elementor-hidden-mobile e-flex e-con e-child\" data-id=\"7315ade\" data-element_type=\"container\" data-e-type=\"container\">\n\t\t\t\t<div class=\"elementor-element elementor-element-dc97a40 animated-slow elementor-invisible elementor-widget elementor-widget-image\" data-id=\"dc97a40\" data-element_type=\"widget\" data-e-type=\"widget\" data-settings=\"{&quot;_animation&quot;:&quot;fadeIn&quot;,&quot;_animation_delay&quot;:50}\" data-widget_type=\"image.default\">\n\t\t\t\t<div class=\"elementor-widget-container\">\n\t\t\t\t\t\t\t\t\t\t\t\t\t\t\t<img decoding=\"async\" width=\"1500\" height=\"1537\" src=\"https:\/\/estancco.com.ar\/wp-content\/uploads\/2024\/12\/Imagen3.png\" class=\"attachment-full size-full wp-image-2304\" alt=\"\" srcset=\"https:\/\/estancco.com.ar\/wp-content\/uploads\/2024\/12\/Imagen3.png 1500w, https:\/\/estancco.com.ar\/wp-content\/uploads\/2024\/12\/Imagen3-293x300.png 293w, https:\/\/estancco.com.ar\/wp-content\/uploads\/2024\/12\/Imagen3-999x1024.png 999w, https:\/\/estancco.com.ar\/wp-content\/uploads\/2024\/12\/Imagen3-768x787.png 768w\" sizes=\"(max-width: 1500px) 100vw, 1500px\" \/>\t\t\t\t\t\t\t\t\t\t\t\t\t\t\t<\/div>\n\t\t\t\t<\/div>\n\t\t\t\t<\/div>\n\t\t\t\t\t<\/div>\n\t\t\t\t<\/div>\n\t\t<div class=\"elementor-element elementor-element-a213d6e e-flex e-con-boxed e-con e-parent\" data-id=\"a213d6e\" data-element_type=\"container\" data-e-type=\"container\" data-settings=\"{&quot;background_background&quot;:&quot;classic&quot;}\">\n\t\t\t\t\t<div class=\"e-con-inner\">\n\t\t<div class=\"elementor-element elementor-element-21b3bde e-con-full e-flex e-con e-child\" data-id=\"21b3bde\" data-element_type=\"container\" data-e-type=\"container\">\n\t\t<div class=\"elementor-element elementor-element-7157428 e-con-full e-flex e-con e-child\" data-id=\"7157428\" data-element_type=\"container\" data-e-type=\"container\">\n\t\t\t\t<div class=\"elementor-element elementor-element-3072add elementor-widget elementor-widget-heading\" data-id=\"3072add\" data-element_type=\"widget\" data-e-type=\"widget\" data-widget_type=\"heading.default\">\n\t\t\t\t<div class=\"elementor-widget-container\">\n\t\t\t\t\t<h3 class=\"elementor-heading-title elementor-size-default\">Acionamento On - OFF: <\/h3>\t\t\t\t<\/div>\n\t\t\t\t<\/div>\n\t\t\t\t<div class=\"elementor-element elementor-element-386f1a1 elementor-widget elementor-widget-heading\" data-id=\"386f1a1\" data-element_type=\"widget\" data-e-type=\"widget\" data-widget_type=\"heading.default\">\n\t\t\t\t<div class=\"elementor-widget-container\">\n\t\t\t\t\t<p class=\"elementor-heading-title elementor-size-default\">O atuador deve levar a v\u00e1lvula em todo o percurso de opera\u00e7\u00e3o, a partir da posi\u00e7\u00e3o totalmente aberta at\u00e9 a posi\u00e7\u00e3o totalmente fechada, e vice-versa. Denomina\u00e7\u00e3o para estes equipamentos, SA \/ SQ.<\/p>\t\t\t\t<\/div>\n\t\t\t\t<\/div>\n\t\t\t\t<\/div>\n\t\t<div class=\"elementor-element elementor-element-1fa6578 e-con-full e-flex e-con e-child\" data-id=\"1fa6578\" data-element_type=\"container\" data-e-type=\"container\">\n\t\t\t\t<div class=\"elementor-element elementor-element-3d8b2ca elementor-widget elementor-widget-heading\" data-id=\"3d8b2ca\" data-element_type=\"widget\" data-e-type=\"widget\" data-widget_type=\"heading.default\">\n\t\t\t\t<div class=\"elementor-widget-container\">\n\t\t\t\t\t<h3 class=\"elementor-heading-title elementor-size-default\">Posicionamento: <\/h3>\t\t\t\t<\/div>\n\t\t\t\t<\/div>\n\t\t\t\t<div class=\"elementor-element elementor-element-b914f33 elementor-widget elementor-widget-heading\" data-id=\"b914f33\" data-element_type=\"widget\" data-e-type=\"widget\" data-widget_type=\"heading.default\">\n\t\t\t\t<div class=\"elementor-widget-container\">\n\t\t\t\t\t<p class=\"elementor-heading-title elementor-size-default\">Avan\u00e7o lento ou servi\u00e7o de posicionamento. O atuador deve levar a v\u00e1lvula, ocasionalmente, para uma posi\u00e7\u00e3o qualquer (posi\u00e7\u00e3o completamente aberta, posi\u00e7\u00e3o intermedi\u00e1ria e a posi\u00e7\u00e3o totalmente fechada). Denomina\u00e7\u00e3o para estes equipamentos, SA \/ SQ.<\/p>\t\t\t\t<\/div>\n\t\t\t\t<\/div>\n\t\t\t\t<\/div>\n\t\t<div class=\"elementor-element elementor-element-d814315 e-con-full e-flex e-con e-child\" data-id=\"d814315\" data-element_type=\"container\" data-e-type=\"container\">\n\t\t\t\t<div class=\"elementor-element elementor-element-d301ebc elementor-widget elementor-widget-heading\" data-id=\"d301ebc\" data-element_type=\"widget\" data-e-type=\"widget\" data-widget_type=\"heading.default\">\n\t\t\t\t<div class=\"elementor-widget-container\">\n\t\t\t\t\t<h3 class=\"elementor-heading-title elementor-size-default\">Modulante \/ Regula\u00e7\u00e3o:<\/h3>\t\t\t\t<\/div>\n\t\t\t\t<\/div>\n\t\t\t\t<div class=\"elementor-element elementor-element-aa54474 elementor-widget elementor-widget-heading\" data-id=\"aa54474\" data-element_type=\"widget\" data-e-type=\"widget\" data-widget_type=\"heading.default\">\n\t\t\t\t<div class=\"elementor-widget-container\">\n\t\t\t\t\t<p class=\"elementor-heading-title elementor-size-default\">O atuador deve levar a v\u00e1lvula regularmente a uma qualquer posi\u00e7\u00e3o entre a posi\u00e7\u00e3o completamente aberta e a posi\u00e7\u00e3o totalmente fechada, podendo modular a partir de 1% a 100% (abertura e fechamento). Denomina\u00e7\u00e3o para estes equipamentos SAR \/ SQR.<\/p>\t\t\t\t<\/div>\n\t\t\t\t<\/div>\n\t\t\t\t<\/div>\n\t\t\t\t<\/div>\n\t\t\t\t\t<\/div>\n\t\t\t\t<\/div>\n\t\t<div class=\"elementor-element elementor-element-6867cf4 e-flex e-con-boxed e-con e-parent\" data-id=\"6867cf4\" data-element_type=\"container\" data-e-type=\"container\">\n\t\t\t\t\t<div class=\"e-con-inner\">\n\t\t<div class=\"elementor-element elementor-element-279fadf e-grid e-con-full e-con e-child\" data-id=\"279fadf\" data-element_type=\"container\" data-e-type=\"container\">\n\t\t\t\t<div class=\"elementor-element elementor-element-dfe1b1f elementor-flip-box--effect-slide elementor-flip-box--direction-up elementor-widget elementor-widget-flip-box\" data-id=\"dfe1b1f\" data-element_type=\"widget\" data-e-type=\"widget\" data-widget_type=\"flip-box.default\">\n\t\t\t\t<div class=\"elementor-widget-container\">\n\t\t\t\t\t\t\t<div class=\"elementor-flip-box\" tabindex=\"0\">\n\t\t\t<div class=\"elementor-flip-box__layer elementor-flip-box__front\">\n\t\t\t\t<div class=\"elementor-flip-box__layer__overlay\">\n\t\t\t\t\t<div class=\"elementor-flip-box__layer__inner\">\n\t\t\t\t\t\t\n\t\t\t\t\t\t\t\t\t\t\t\t\t<h3 class=\"elementor-flip-box__layer__title\">\n\t\t\t\t\t\t\t\tEnrolado\t\t\t\t\t\t\t<\/h3>\n\t\t\t\t\t\t\n\t\t\t\t\t\t\t\t\t\t\t<\/div>\n\t\t\t\t<\/div>\n\t\t\t<\/div>\n\t\t\t<a class=\"elementor-flip-box__layer elementor-flip-box__back\" href=\"https:\/\/estancco.com.ar\/pt\/multivuelta\/\">\n\t\t\t<div class=\"elementor-flip-box__layer__overlay\">\n\t\t\t\t<div class=\"elementor-flip-box__layer__inner\">\n\t\t\t\t\t\n\t\t\t\t\t\t\t\t\t\t\t<div class=\"elementor-flip-box__layer__description\">\n\t\t\t\t\t\t\tAplica\u00e7\u00e3o: Acionamento de comportas, regula\u00e7\u00e3o de\nd\u00e9bito de opera\u00e7\u00e3o de v\u00e1lvulas globo ou de duplo eixo.\t\t\t\t\t\t<\/div>\n\t\t\t\t\t\n\t\t\t\t\t\t\t\t\t\t\t<span class=\"elementor-flip-box__button elementor-button elementor-size-sm\">\n\t\t\t\t\t\t\tVeja mais\t\t\t\t\t\t<\/span>\n\t\t\t\t\t\t\t\t<\/div>\n\t\t<\/div>\n\t\t<\/a>\n\t\t<\/div>\n\t\t\t\t\t\t<\/div>\n\t\t\t\t<\/div>\n\t\t\t\t<div class=\"elementor-element elementor-element-64d7a65 elementor-flip-box--effect-slide elementor-flip-box--direction-up elementor-widget elementor-widget-flip-box\" data-id=\"64d7a65\" data-element_type=\"widget\" data-e-type=\"widget\" data-widget_type=\"flip-box.default\">\n\t\t\t\t<div class=\"elementor-widget-container\">\n\t\t\t\t\t\t\t<div class=\"elementor-flip-box\" tabindex=\"0\">\n\t\t\t<div class=\"elementor-flip-box__layer elementor-flip-box__front\">\n\t\t\t\t<div class=\"elementor-flip-box__layer__overlay\">\n\t\t\t\t\t<div class=\"elementor-flip-box__layer__inner\">\n\t\t\t\t\t\t\n\t\t\t\t\t\t\t\t\t\t\t\t\t<h3 class=\"elementor-flip-box__layer__title\">\n\t\t\t\t\t\t\t\tFra\u00e7\u00e3o de Volta\t\t\t\t\t\t\t<\/h3>\n\t\t\t\t\t\t\n\t\t\t\t\t\t\t\t\t\t\t<\/div>\n\t\t\t\t<\/div>\n\t\t\t<\/div>\n\t\t\t<div class=\"elementor-flip-box__layer elementor-flip-box__back\">\n\t\t\t<div class=\"elementor-flip-box__layer__overlay\">\n\t\t\t\t<div class=\"elementor-flip-box__layer__inner\">\n\t\t\t\t\t\n\t\t\t\t\t\t\t\t\t\t\t<div class=\"elementor-flip-box__layer__description\">\n\t\t\t\t\t\t\tAplica\u00e7\u00e3o: Acionamento de v\u00e1lvulas borboletas, a bola ou alavanca\t\t\t\t\t\t<\/div>\n\t\t\t\t\t\n\t\t\t\t\t\t\t\t\t\t\t<a class=\"elementor-flip-box__button elementor-button elementor-size-sm\" href=\"https:\/\/estancco.com.ar\/pt\/fraccion-de-vuelta\/\">\n\t\t\t\t\t\t\tVeja mais\t\t\t\t\t\t<\/a>\n\t\t\t\t\t\t\t\t<\/div>\n\t\t<\/div>\n\t\t<\/div>\n\t\t<\/div>\n\t\t\t\t\t\t<\/div>\n\t\t\t\t<\/div>\n\t\t\t\t<div class=\"elementor-element elementor-element-024ce97 elementor-flip-box--effect-slide elementor-flip-box--direction-up elementor-widget elementor-widget-flip-box\" data-id=\"024ce97\" data-element_type=\"widget\" data-e-type=\"widget\" data-widget_type=\"flip-box.default\">\n\t\t\t\t<div class=\"elementor-widget-container\">\n\t\t\t\t\t\t\t<div class=\"elementor-flip-box\" tabindex=\"0\">\n\t\t\t<div class=\"elementor-flip-box__layer elementor-flip-box__front\">\n\t\t\t\t<div class=\"elementor-flip-box__layer__overlay\">\n\t\t\t\t\t<div class=\"elementor-flip-box__layer__inner\">\n\t\t\t\t\t\t\n\t\t\t\t\t\t\t\t\t\t\t\t\t<h3 class=\"elementor-flip-box__layer__title\">\n\t\t\t\t\t\t\t\tCombinados (equipamentos especiais)\t\t\t\t\t\t\t<\/h3>\n\t\t\t\t\t\t\n\t\t\t\t\t\t\t\t\t\t\t<\/div>\n\t\t\t\t<\/div>\n\t\t\t<\/div>\n\t\t\t<a class=\"elementor-flip-box__layer elementor-flip-box__back\" href=\"https:\/\/estancco.com.ar\/pt\/combinados-equipos-especiales\/\">\n\t\t\t<div class=\"elementor-flip-box__layer__overlay\">\n\t\t\t\t<div class=\"elementor-flip-box__layer__inner\">\n\t\t\t\t\t\n\t\t\t\t\t\t\t\t\t\t\t<div class=\"elementor-flip-box__layer__description\">\n\t\t\t\t\t\t\tAplica\u00e7\u00e3o: \nComando de v\u00e1lvulas ou comportas em\ngeral que requerem grandes torques.\t\t\t\t\t\t<\/div>\n\t\t\t\t\t\n\t\t\t\t\t\t\t\t\t\t\t<span class=\"elementor-flip-box__button elementor-button elementor-size-sm\">\n\t\t\t\t\t\t\tVeja mais\t\t\t\t\t\t<\/span>\n\t\t\t\t\t\t\t\t<\/div>\n\t\t<\/div>\n\t\t<\/a>\n\t\t<\/div>\n\t\t\t\t\t\t<\/div>\n\t\t\t\t<\/div>\n\t\t\t\t<div class=\"elementor-element elementor-element-a117258 elementor-flip-box--effect-slide elementor-flip-box--direction-up elementor-widget elementor-widget-flip-box\" data-id=\"a117258\" data-element_type=\"widget\" data-e-type=\"widget\" data-widget_type=\"flip-box.default\">\n\t\t\t\t<div class=\"elementor-widget-container\">\n\t\t\t\t\t\t\t<div class=\"elementor-flip-box\" tabindex=\"0\">\n\t\t\t<div class=\"elementor-flip-box__layer elementor-flip-box__front\">\n\t\t\t\t<div class=\"elementor-flip-box__layer__overlay\">\n\t\t\t\t\t<div class=\"elementor-flip-box__layer__inner\">\n\t\t\t\t\t\t\n\t\t\t\t\t\t\t\t\t\t\t\t\t<h3 class=\"elementor-flip-box__layer__title\">\n\t\t\t\t\t\t\t\tControles el\u00e9tricos\t\t\t\t\t\t\t<\/h3>\n\t\t\t\t\t\t\n\t\t\t\t\t\t\t\t\t\t\t<\/div>\n\t\t\t\t<\/div>\n\t\t\t<\/div>\n\t\t\t<a class=\"elementor-flip-box__layer elementor-flip-box__back\" href=\"https:\/\/estancco.com.ar\/pt\/controles-electricos\/\">\n\t\t\t<div class=\"elementor-flip-box__layer__overlay\">\n\t\t\t\t<div class=\"elementor-flip-box__layer__inner\">\n\t\t\t\t\t\n\t\t\t\t\t\t\t\t\t\t\t<div class=\"elementor-flip-box__layer__description\">\n\t\t\t\t\t\t\tTodos os atuadores el\u00e9tricos podem ser montados de acordo com o pedido do cliente, podendo formar diferentes combina\u00e7\u00f5es entre (Tipo de movimenta\u00e7\u00e3o) + Redutor) + (Controles el\u00e9tricos).\t\t\t\t\t\t<\/div>\n\t\t\t\t\t\n\t\t\t\t\t\t\t\t\t\t\t<span class=\"elementor-flip-box__button elementor-button elementor-size-sm\">\n\t\t\t\t\t\t\tVeja mais\t\t\t\t\t\t<\/span>\n\t\t\t\t\t\t\t\t<\/div>\n\t\t<\/div>\n\t\t<\/a>\n\t\t<\/div>\n\t\t\t\t\t\t<\/div>\n\t\t\t\t<\/div>\n\t\t\t\t<div class=\"elementor-element elementor-element-128a1d6 elementor-flip-box--effect-slide elementor-flip-box--direction-up elementor-widget elementor-widget-flip-box\" data-id=\"128a1d6\" data-element_type=\"widget\" data-e-type=\"widget\" data-widget_type=\"flip-box.default\">\n\t\t\t\t<div class=\"elementor-widget-container\">\n\t\t\t\t\t\t\t<div class=\"elementor-flip-box\" tabindex=\"0\">\n\t\t\t<div class=\"elementor-flip-box__layer elementor-flip-box__front\">\n\t\t\t\t<div class=\"elementor-flip-box__layer__overlay\">\n\t\t\t\t\t<div class=\"elementor-flip-box__layer__inner\">\n\t\t\t\t\t\t\n\t\t\t\t\t\t\t\t\t\t\t\t\t<h3 class=\"elementor-flip-box__layer__title\">\n\t\t\t\t\t\t\t\tPe\u00e7as e servi\u00e7os de P\u00f3s-venda\t\t\t\t\t\t\t<\/h3>\n\t\t\t\t\t\t\n\t\t\t\t\t\t\t\t\t\t\t<\/div>\n\t\t\t\t<\/div>\n\t\t\t<\/div>\n\t\t\t<a class=\"elementor-flip-box__layer elementor-flip-box__back\" href=\"https:\/\/estancco.com.ar\/pt\/repuestos-v2\/\">\n\t\t\t<div class=\"elementor-flip-box__layer__overlay\">\n\t\t\t\t<div class=\"elementor-flip-box__layer__inner\">\n\t\t\t\t\t\n\t\t\t\t\t\t\t\t\t\t\t<div class=\"elementor-flip-box__layer__description\">\n\t\t\t\t\t\t\tComo parte de nosso compromisso oferecemos todos pe\u00e7as e o servi\u00e7o de repara\u00e7\u00e3o de atuadores AUMA.\t\t\t\t\t\t<\/div>\n\t\t\t\t\t\n\t\t\t\t\t\t\t\t\t\t\t<span class=\"elementor-flip-box__button elementor-button elementor-size-xs\">\n\t\t\t\t\t\t\tSolicitar pe\u00e7as de reposi\u00e7\u00e3o\t\t\t\t\t\t<\/span>\n\t\t\t\t\t\t\t\t<\/div>\n\t\t<\/div>\n\t\t<\/a>\n\t\t<\/div>\n\t\t\t\t\t\t<\/div>\n\t\t\t\t<\/div>\n\t\t\t\t<\/div>\n\t\t\t\t\t<\/div>\n\t\t\t\t<\/div>\n\t\t\t\t<\/div>","protected":false},"excerpt":{"rendered":"<p>ACTUADORES EL\u00c9CTRICOS AUMA Dise\u00f1ados para accionar v\u00e1lvulas o compuertas hidr\u00e1ulicas de manera mec\u00e1nica mediante un motor el\u00e9ctrico. Dependiendo la aplicaci\u00f3n o el torque necesario se puede instalar un actuador el\u00e9ctrico directamente sobre la v\u00e1lvula o combinarlo con una caja pre reductora. Descargar Cat\u00e1logo General TIPOS DE OPERACI\u00d3N: Se dividen en 3 grandes grupos, dependiendo del [&hellip;]<\/p>","protected":false},"author":9,"featured_media":0,"parent":0,"menu_order":0,"comment_status":"closed","ping_status":"closed","template":"","meta":{"om_disable_all_campaigns":false,"_monsterinsights_skip_tracking":false,"_monsterinsights_sitenote_active":false,"_monsterinsights_sitenote_note":"","_monsterinsights_sitenote_category":0,"_uf_show_specific_survey":0,"_uf_disable_surveys":false,"footnotes":""},"class_list":["post-2241","page","type-page","status-publish","hentry"],"aioseo_notices":[],"_links":{"self":[{"href":"https:\/\/estancco.com.ar\/pt\/wp-json\/wp\/v2\/pages\/2241","targetHints":{"allow":["GET"]}}],"collection":[{"href":"https:\/\/estancco.com.ar\/pt\/wp-json\/wp\/v2\/pages"}],"about":[{"href":"https:\/\/estancco.com.ar\/pt\/wp-json\/wp\/v2\/types\/page"}],"author":[{"embeddable":true,"href":"https:\/\/estancco.com.ar\/pt\/wp-json\/wp\/v2\/users\/9"}],"replies":[{"embeddable":true,"href":"https:\/\/estancco.com.ar\/pt\/wp-json\/wp\/v2\/comments?post=2241"}],"version-history":[{"count":0,"href":"https:\/\/estancco.com.ar\/pt\/wp-json\/wp\/v2\/pages\/2241\/revisions"}],"wp:attachment":[{"href":"https:\/\/estancco.com.ar\/pt\/wp-json\/wp\/v2\/media?parent=2241"}],"curies":[{"name":"wp","href":"https:\/\/api.w.org\/{rel}","templated":true}]}}