{"id":890,"date":"2024-08-09T14:32:08","date_gmt":"2024-08-09T14:32:08","guid":{"rendered":"https:\/\/estancco.com.ar\/?page_id=890"},"modified":"2025-08-22T19:53:54","modified_gmt":"2025-08-22T19:53:54","slug":"pedestales","status":"publish","type":"page","link":"https:\/\/estancco.com.ar\/en\/pedestales\/","title":{"rendered":"Pedestals"},"content":{"rendered":"<div data-elementor-type=\"wp-page\" data-elementor-id=\"890\" class=\"elementor elementor-890\" data-elementor-post-type=\"page\">\n\t\t\t\t<div class=\"elementor-element elementor-element-5971919 e-flex e-con-boxed e-con e-parent\" data-id=\"5971919\" data-element_type=\"container\" data-e-type=\"container\" data-settings=\"{&quot;background_background&quot;:&quot;classic&quot;}\">\n\t\t\t\t\t<div class=\"e-con-inner\">\n\t\t<div class=\"elementor-element elementor-element-a88b00b e-con-full e-flex e-con e-child\" data-id=\"a88b00b\" data-element_type=\"container\" data-e-type=\"container\">\n\t\t<div class=\"elementor-element elementor-element-0c7db3f e-con-full animated-fast e-flex elementor-invisible e-con e-child\" data-id=\"0c7db3f\" data-element_type=\"container\" data-e-type=\"container\" data-settings=\"{&quot;background_background&quot;:&quot;classic&quot;,&quot;animation&quot;:&quot;fadeInUp&quot;}\">\n\t\t<div class=\"elementor-element elementor-element-3c2da36 e-con-full e-flex e-con e-child\" data-id=\"3c2da36\" data-element_type=\"container\" data-e-type=\"container\">\n\t\t\t\t<div class=\"elementor-element elementor-element-715beda elementor-widget__width-auto elementor-widget-mobile__width-inherit elementor-widget elementor-widget-heading\" data-id=\"715beda\" data-element_type=\"widget\" data-e-type=\"widget\" data-widget_type=\"heading.default\">\n\t\t\t\t<div class=\"elementor-widget-container\">\n\t\t\t\t\t<h1 class=\"elementor-heading-title elementor-size-default\">PEDESTALS<\/h1>\t\t\t\t<\/div>\n\t\t\t\t<\/div>\n\t\t\t\t<div class=\"elementor-element elementor-element-8634032 p-m0 animated-fast elementor-widget__width-inherit elementor-invisible elementor-widget elementor-widget-text-editor\" data-id=\"8634032\" data-element_type=\"widget\" data-e-type=\"widget\" data-settings=\"{&quot;_animation&quot;:&quot;fadeInUp&quot;,&quot;_animation_delay&quot;:200}\" data-widget_type=\"text-editor.default\">\n\t\t\t\t<div class=\"elementor-widget-container\">\n\t\t\t\t\t\t\t\t\t<p>STEM<\/p><p>FIXED AND UP<\/p>\t\t\t\t\t\t\t\t<\/div>\n\t\t\t\t<\/div>\n\t\t\t\t<\/div>\n\t\t\t\t<\/div>\n\t\t\t\t<\/div>\n\t\t<div class=\"elementor-element elementor-element-52f2672 e-con-full e-flex e-con e-child\" data-id=\"52f2672\" data-element_type=\"container\" data-e-type=\"container\">\n\t\t\t\t<div class=\"elementor-element elementor-element-0b8c0e8 animated-slow elementor-invisible elementor-widget elementor-widget-image\" data-id=\"0b8c0e8\" data-element_type=\"widget\" data-e-type=\"widget\" data-settings=\"{&quot;_animation&quot;:&quot;fadeIn&quot;,&quot;_animation_delay&quot;:50}\" data-widget_type=\"image.default\">\n\t\t\t\t<div class=\"elementor-widget-container\">\n\t\t\t\t\t\t\t\t\t\t\t\t\t\t\t<img fetchpriority=\"high\" decoding=\"async\" width=\"800\" height=\"705\" src=\"https:\/\/estancco.com.ar\/wp-content\/uploads\/2024\/08\/837x738.webp\" class=\"attachment-large size-large wp-image-949\" alt=\"VALVULA COMPUERTA 2\" srcset=\"https:\/\/estancco.com.ar\/wp-content\/uploads\/2024\/08\/837x738.webp 837w, https:\/\/estancco.com.ar\/wp-content\/uploads\/2024\/08\/837x738-300x265.webp 300w, https:\/\/estancco.com.ar\/wp-content\/uploads\/2024\/08\/837x738-768x677.webp 768w\" sizes=\"(max-width: 800px) 100vw, 800px\" \/>\t\t\t\t\t\t\t\t\t\t\t\t\t\t\t<\/div>\n\t\t\t\t<\/div>\n\t\t\t\t<\/div>\n\t\t\t\t\t<\/div>\n\t\t\t\t<\/div>\n\t\t<div class=\"elementor-element elementor-element-6471d91 e-flex e-con-boxed e-con e-parent\" data-id=\"6471d91\" data-element_type=\"container\" data-e-type=\"container\" data-settings=\"{&quot;background_background&quot;:&quot;classic&quot;}\">\n\t\t\t\t\t<div class=\"e-con-inner\">\n\t\t<div class=\"elementor-element elementor-element-0e71138 e-con-full e-flex e-con e-child\" data-id=\"0e71138\" data-element_type=\"container\" data-e-type=\"container\" data-settings=\"{&quot;background_background&quot;:&quot;classic&quot;}\">\n\t\t\t\t<div class=\"elementor-element elementor-element-7693852 elementor-widget elementor-widget-html\" data-id=\"7693852\" data-element_type=\"widget\" data-e-type=\"widget\" data-widget_type=\"html.default\">\n\t\t\t\t<div class=\"elementor-widget-container\">\n\t\t\t\t\t<svg xmlns=\"http:\/\/www.w3.org\/2000\/svg\" width=\"39\" height=\"32\" viewbox=\"0 0 39 32\" fill=\"white\">\r\n  <path fill-rule=\"evenodd\" clip-rule=\"evenodd\" d=\"M26.4598 0L38.5022 15.561L26.4598 31.122L24.2014 29.3953L33.8117 16.9771H0.266602V14.145H33.8117L24.2014 1.72676L26.4598 0Z\" fill=\"#white\"\/>\r\n<\/svg>\t\t\t\t<\/div>\n\t\t\t\t<\/div>\n\t\t\t\t<div class=\"elementor-element elementor-element-2e9514f elementor-widget-mobile__width-initial animated-fast elementor-invisible elementor-widget elementor-widget-heading\" data-id=\"2e9514f\" data-element_type=\"widget\" data-e-type=\"widget\" data-settings=\"{&quot;_animation&quot;:&quot;fadeInLeft&quot;}\" data-widget_type=\"heading.default\">\n\t\t\t\t<div class=\"elementor-widget-container\">\n\t\t\t\t\t<h3 class=\"elementor-heading-title elementor-size-default\">STEM <strong>FIXED ON THE CROSSBAR<\/strong><\/h3>\t\t\t\t<\/div>\n\t\t\t\t<\/div>\n\t\t\t\t<\/div>\n\t\t\t\t<div class=\"elementor-element elementor-element-56602d9 elementor-widget elementor-widget-html\" data-id=\"56602d9\" data-element_type=\"widget\" data-e-type=\"widget\" data-widget_type=\"html.default\">\n\t\t\t\t<div class=\"elementor-widget-container\">\n\t\t\t\t\t<meta name=\"viewport\" content=\"width=device-width, initial-scale=1, minimum-scale=1, maximum-scale=1\" \/>\r\n<!-- Link Swiper's CSS -->\r\n<link rel=\"stylesheet\" href=\"https:\/\/cdn.jsdelivr.net\/npm\/swiper@11\/swiper-bundle.min.css\" \/>\r\n\r\n\r\n<style>\r\n.thumbnail{\r\nbackground-color:#262626;\r\n}\r\n.p-slider{\r\nbackground-color:#262626;\r\ncolor:white;\r\n}\r\n.swiper-slide {\r\nbackground-color:#262626;\r\n\r\n}\r\n\r\n<\/style>\r\n<div class=\"swiper mySwiper1\">\r\n    <div class=\"swiper-wrapper\">\r\n        <div class=\"swiper-slide\">\r\n            <img decoding=\"async\" class=\"animate__animated\" src=\"https:\/\/estancco.com.ar\/wp-content\/uploads\/2024\/08\/Estancco_-Fijo-TRAVESAnO-1.jpg\">\r\n        <\/div>\r\n        <div class=\"swiper-slide\">\r\n            <img decoding=\"async\" class=\"animate__animated animate__delay-1s\" src=\"https:\/\/estancco.com.ar\/wp-content\/uploads\/2024\/08\/Estancco_-Fijo-TRAVESAnO-2.jpg\">\r\n        <\/div>\r\n\r\n        <div class=\"swiper-slide\">\r\n            <img decoding=\"async\" class=\"animate__animated animate__delay-2s\" src=\"https:\/\/estancco.com.ar\/wp-content\/uploads\/2024\/08\/Estancco_-Fijo-TRAVESAnO-3.jpg\">\r\n        <\/div>\r\n\r\n\r\n\r\n    <\/div>\r\n    <div class=\"swiper-button-next flecha\">\r\n        <svg xmlns=\"http:\/\/www.w3.org\/2000\/svg\" width=\"54\" height=\"54\" viewbox=\"0 0 54 54\" fill=\"none\">\r\n            <path\r\n                d=\"M27 53C41.3594 53 53 41.3594 53 27C53 12.6406 41.3594 1 27 1C12.6406 1 1 12.6406 1 27C1 41.3594 12.6406 53 27 53Z\"\r\n                fill=\"#06151C\" stroke=\"#06151C\" stroke-width=\"2\" \/>\r\n            <path d=\"M10.621 27.0006H40.3624M40.3624 27.0006L31.0786 14.9316M40.3624 27.0006L31.0786 39.0696\"\r\n                stroke=\"#D9D9D9\" stroke-width=\"2\" \/>\r\n        <\/svg>\r\n    <\/div>\r\n    <div class=\"swiper-button-prev flecha\">\r\n        <svg xmlns=\"http:\/\/www.w3.org\/2000\/svg\" width=\"54\" height=\"54\" viewbox=\"0 0 54 54\" fill=\"none\">\r\n            <path\r\n                d=\"M27 53C12.6406 53 1 41.3594 1 27C1 12.6406 12.6406 1 27 1C41.3594 1 53 12.6406 53 27C53 41.3594 41.3594 53 27 53Z\"\r\n                fill=\"#06151C\" stroke=\"#06151C\" stroke-width=\"2\" \/>\r\n            <path d=\"M43.379 27.0006H13.6376M13.6376 27.0006L22.9214 14.9316M13.6376 27.0006L22.9214 39.0696\"\r\n                stroke=\"#D9D9D9\" stroke-width=\"2\" \/>\r\n        <\/svg>\r\n    <\/div>\r\n<\/div>\r\n\r\n\r\n\r\n<script>\r\n    \r\ndocument.addEventListener('DOMContentLoaded', function () {\r\nconst images = document.querySelectorAll('.swiper-slide img.animate__animated');\r\n\r\nconst observer = new IntersectionObserver((entries, observer) => {\r\n    entries.forEach(entry => {\r\n        if (entry.isIntersecting) {\r\n            entry.target.style.opacity = 1;\r\n            entry.target.classList.add('animate__fadeInUp');\r\n            \/\/ Deja de observar una vez que la animaci\u00f3n se ha activado\r\n            observer.unobserve(entry.target);\r\n        }\r\n    });\r\n}, {\r\n    threshold: 0.5 \/\/ El umbral que indica cuando el 50% del elemento est\u00e1 en vista\r\n});\r\n\r\nimages.forEach(img => {\r\n    observer.observe(img);\r\n});\r\n});\r\n\r\n\r\n    function initSwiper() {\r\n        if (window.innerWidth <= 767) {\r\n            var swiper = new Swiper(\".mySwiper1\", {\r\n                centeredSlides: true,\r\n                slidesPerView: \"auto\",\r\n                spaceBetween: 26,\r\n                loop: false,\r\n                navigation: {\r\n                    nextEl: \".swiper-button-next\",\r\n                    prevEl: \".swiper-button-prev\",\r\n                }\r\n            });\r\n        }\r\n    }\r\n\r\n    \/\/ Escuchar el evento de redimensionar la ventana\r\n    window.addEventListener('resize', function () {\r\n        initSwiper();\r\n    });\r\n\r\n    \/\/ Ejecutar al cargar la p\u00e1gina\r\n    initSwiper();\r\n\r\n\r\n<\/script>\t\t\t\t<\/div>\n\t\t\t\t<\/div>\n\t\t\t\t\t<\/div>\n\t\t\t\t<\/div>\n\t\t<div class=\"elementor-element elementor-element-0976c57 e-flex e-con-boxed e-con e-parent\" data-id=\"0976c57\" data-element_type=\"container\" data-e-type=\"container\" data-settings=\"{&quot;background_background&quot;:&quot;classic&quot;}\">\n\t\t\t\t\t<div class=\"e-con-inner\">\n\t\t<div class=\"elementor-element elementor-element-8952a19 e-con-full e-flex e-con e-child\" data-id=\"8952a19\" data-element_type=\"container\" data-e-type=\"container\">\n\t\t\t\t<div class=\"elementor-element elementor-element-4ab8519 elementor-widget elementor-widget-html\" data-id=\"4ab8519\" data-element_type=\"widget\" data-e-type=\"widget\" data-widget_type=\"html.default\">\n\t\t\t\t<div class=\"elementor-widget-container\">\n\t\t\t\t\t<svg xmlns=\"http:\/\/www.w3.org\/2000\/svg\" width=\"39\" height=\"32\" viewbox=\"0 0 39 32\" fill=\"white\">\r\n  <path fill-rule=\"evenodd\" clip-rule=\"evenodd\" d=\"M26.4598 0L38.5022 15.561L26.4598 31.122L24.2014 29.3953L33.8117 16.9771H0.266602V14.145H33.8117L24.2014 1.72676L26.4598 0Z\" fill=\"#white\"\/>\r\n<\/svg>\t\t\t\t<\/div>\n\t\t\t\t<\/div>\n\t\t\t\t<div class=\"elementor-element elementor-element-9f631cb elementor-widget-mobile__width-initial animated-fast elementor-invisible elementor-widget elementor-widget-heading\" data-id=\"9f631cb\" data-element_type=\"widget\" data-e-type=\"widget\" data-settings=\"{&quot;_animation&quot;:&quot;fadeInLeft&quot;}\" data-widget_type=\"heading.default\">\n\t\t\t\t<div class=\"elementor-widget-container\">\n\t\t\t\t\t<h3 class=\"elementor-heading-title elementor-size-default\">STEM <strong>FIXED PEDESTAL<\/strong><\/h3>\t\t\t\t<\/div>\n\t\t\t\t<\/div>\n\t\t\t\t<\/div>\n\t\t\t\t<div class=\"elementor-element elementor-element-2cc6c5f elementor-widget elementor-widget-html\" data-id=\"2cc6c5f\" data-element_type=\"widget\" data-e-type=\"widget\" data-widget_type=\"html.default\">\n\t\t\t\t<div class=\"elementor-widget-container\">\n\t\t\t\t\t<meta name=\"viewport\" content=\"width=device-width, initial-scale=1, minimum-scale=1, maximum-scale=1\" \/>\r\n<!-- Link Swiper's CSS -->\r\n<link rel=\"stylesheet\" href=\"https:\/\/cdn.jsdelivr.net\/npm\/swiper@11\/swiper-bundle.min.css\" \/>\r\n\r\n<style>\r\n.thumbnail{\r\nbackground-color:#262626;\r\n}\r\n.p-slider{\r\nbackground-color:#262626;\r\ncolor:white;\r\n}\r\n.swiper-slide {\r\nbackground-color:#262626;\r\n\r\n}\r\n\r\n\r\n\r\n<\/style>\r\n\r\n<div class=\"swiper mySwiper2\">\r\n    <div class=\"swiper-wrapper\">\r\n        <div class=\"swiper-slide\">\r\n            <img decoding=\"async\" class=\"animate__animated\" src=\"https:\/\/estancco.com.ar\/wp-content\/uploads\/2024\/08\/Estancco_F-Pedestal-1.jpg\">\r\n        <\/div>\r\n        <div class=\"swiper-slide\">\r\n            <img decoding=\"async\" class=\"animate__animated  animate__delay-1s\" src=\"https:\/\/estancco.com.ar\/wp-content\/uploads\/2024\/08\/Estancco_F-Pedestal-2.jpg\">\r\n        <\/div>\r\n\r\n        <div class=\"swiper-slide\">\r\n            <img decoding=\"async\" class=\"animate__animated animate__delay-2s\" src=\"https:\/\/estancco.com.ar\/wp-content\/uploads\/2024\/08\/Estancco_F-Pedestal-3.jpg\">\r\n        <\/div>\r\n\r\n\r\n\r\n    <\/div>\r\n    <div class=\"swiper-button-next flecha\">\r\n        <svg xmlns=\"http:\/\/www.w3.org\/2000\/svg\" width=\"54\" height=\"54\" viewbox=\"0 0 54 54\" fill=\"none\">\r\n            <path\r\n                d=\"M27 53C41.3594 53 53 41.3594 53 27C53 12.6406 41.3594 1 27 1C12.6406 1 1 12.6406 1 27C1 41.3594 12.6406 53 27 53Z\"\r\n                fill=\"#06151C\" stroke=\"#06151C\" stroke-width=\"2\" \/>\r\n            <path d=\"M10.621 27.0006H40.3624M40.3624 27.0006L31.0786 14.9316M40.3624 27.0006L31.0786 39.0696\"\r\n                stroke=\"#D9D9D9\" stroke-width=\"2\" \/>\r\n        <\/svg>\r\n    <\/div>\r\n    <div class=\"swiper-button-prev flecha\">\r\n        <svg xmlns=\"http:\/\/www.w3.org\/2000\/svg\" width=\"54\" height=\"54\" viewbox=\"0 0 54 54\" fill=\"none\">\r\n            <path\r\n                d=\"M27 53C12.6406 53 1 41.3594 1 27C1 12.6406 12.6406 1 27 1C41.3594 1 53 12.6406 53 27C53 41.3594 41.3594 53 27 53Z\"\r\n                fill=\"#06151C\" stroke=\"#06151C\" stroke-width=\"2\" \/>\r\n            <path d=\"M43.379 27.0006H13.6376M13.6376 27.0006L22.9214 14.9316M13.6376 27.0006L22.9214 39.0696\"\r\n                stroke=\"#D9D9D9\" stroke-width=\"2\" \/>\r\n        <\/svg>\r\n    <\/div>\r\n<\/div>\r\n\r\n\r\n\r\n<script>\r\n    function initSwiper() {\r\n        if (window.innerWidth <= 767) {\r\n            var swiper = new Swiper(\".mySwiper2\", {\r\n                centeredSlides: true,\r\n                slidesPerView: \"auto\",\r\n                spaceBetween: 26,\r\n                loop: false,\r\n                navigation: {\r\n                    nextEl: \".swiper-button-next\",\r\n                    prevEl: \".swiper-button-prev\",\r\n                }\r\n            });\r\n        }\r\n    }\r\n\r\n    \/\/ Escuchar el evento de redimensionar la ventana\r\n    window.addEventListener('resize', function () {\r\n        initSwiper();\r\n    });\r\n\r\n    \/\/ Ejecutar al cargar la p\u00e1gina\r\n    initSwiper();\r\n\r\n\r\n<\/script>\t\t\t\t<\/div>\n\t\t\t\t<\/div>\n\t\t\t\t\t<\/div>\n\t\t\t\t<\/div>\n\t\t<div class=\"elementor-element elementor-element-b21f5d8 e-flex e-con-boxed e-con e-parent\" data-id=\"b21f5d8\" data-element_type=\"container\" data-e-type=\"container\" data-settings=\"{&quot;background_background&quot;:&quot;classic&quot;}\">\n\t\t\t\t\t<div class=\"e-con-inner\">\n\t\t<div class=\"elementor-element elementor-element-9672eaf e-con-full e-flex e-con e-child\" data-id=\"9672eaf\" data-element_type=\"container\" data-e-type=\"container\">\n\t\t\t\t<div class=\"elementor-element elementor-element-d05ac1e elementor-widget elementor-widget-html\" data-id=\"d05ac1e\" data-element_type=\"widget\" data-e-type=\"widget\" data-widget_type=\"html.default\">\n\t\t\t\t<div class=\"elementor-widget-container\">\n\t\t\t\t\t<svg xmlns=\"http:\/\/www.w3.org\/2000\/svg\" width=\"39\" height=\"32\" viewbox=\"0 0 39 32\" fill=\"white\">\r\n  <path fill-rule=\"evenodd\" clip-rule=\"evenodd\" d=\"M26.4598 0L38.5022 15.561L26.4598 31.122L24.2014 29.3953L33.8117 16.9771H0.266602V14.145H33.8117L24.2014 1.72676L26.4598 0Z\" fill=\"#white\"\/>\r\n<\/svg>\t\t\t\t<\/div>\n\t\t\t\t<\/div>\n\t\t\t\t<div class=\"elementor-element elementor-element-d3bde92 elementor-widget-mobile__width-initial animated-fast elementor-invisible elementor-widget elementor-widget-heading\" data-id=\"d3bde92\" data-element_type=\"widget\" data-e-type=\"widget\" data-settings=\"{&quot;_animation&quot;:&quot;fadeInLeft&quot;}\" data-widget_type=\"heading.default\">\n\t\t\t\t<div class=\"elementor-widget-container\">\n\t\t\t\t\t<h3 class=\"elementor-heading-title elementor-size-default\">STEM<strong> ASCENDING<\/strong><\/h3>\t\t\t\t<\/div>\n\t\t\t\t<\/div>\n\t\t\t\t<\/div>\n\t\t\t\t<div class=\"elementor-element elementor-element-5c4010b elementor-widget elementor-widget-html\" data-id=\"5c4010b\" data-element_type=\"widget\" data-e-type=\"widget\" data-widget_type=\"html.default\">\n\t\t\t\t<div class=\"elementor-widget-container\">\n\t\t\t\t\t<meta name=\"viewport\" content=\"width=device-width, initial-scale=1, minimum-scale=1, maximum-scale=1\" \/>\r\n<!-- Link Swiper's CSS -->\r\n<link rel=\"stylesheet\" href=\"https:\/\/cdn.jsdelivr.net\/npm\/swiper@11\/swiper-bundle.min.css\" \/>\r\n\r\n<style>\r\n.thumbnail{\r\nbackground-color:#262626;\r\n}\r\n.p-slider{\r\nbackground-color:#262626;\r\ncolor:white;\r\n}\r\n.swiper-slide {\r\nbackground-color:#262626;\r\n\r\n}\r\n\r\n\r\n\r\n<\/style>\r\n\r\n<div class=\"swiper mySwiper3\">\r\n    <div class=\"swiper-wrapper\">\r\n        <div class=\"swiper-slide\">\r\n            <img decoding=\"async\" class=\"animate__animated\" src=\"https:\/\/estancco.com.ar\/wp-content\/uploads\/2024\/08\/Estancco_V-Ascendente-1.jpg\">\r\n        <\/div>\r\n        <div class=\"swiper-slide\">\r\n            <img decoding=\"async\" class=\"animate__animated  animate__delay-1s\" src=\"https:\/\/estancco.com.ar\/wp-content\/uploads\/2024\/08\/Estancco_V-Ascendente-2.jpg\">\r\n        <\/div>\r\n\r\n        <div class=\"swiper-slide\">\r\n            <img decoding=\"async\" class=\"animate__animated  animate__delay-2s\" src=\"https:\/\/estancco.com.ar\/wp-content\/uploads\/2024\/08\/Estancco_V-Ascendente-3.jpg\">\r\n        <\/div>\r\n\r\n\r\n\r\n    <\/div>\r\n    <div class=\"swiper-button-next flecha\">\r\n        <svg xmlns=\"http:\/\/www.w3.org\/2000\/svg\" width=\"54\" height=\"54\" viewbox=\"0 0 54 54\" fill=\"none\">\r\n            <path\r\n                d=\"M27 53C41.3594 53 53 41.3594 53 27C53 12.6406 41.3594 1 27 1C12.6406 1 1 12.6406 1 27C1 41.3594 12.6406 53 27 53Z\"\r\n                fill=\"#06151C\" stroke=\"#06151C\" stroke-width=\"2\" \/>\r\n            <path d=\"M10.621 27.0006H40.3624M40.3624 27.0006L31.0786 14.9316M40.3624 27.0006L31.0786 39.0696\"\r\n                stroke=\"#D9D9D9\" stroke-width=\"2\" \/>\r\n        <\/svg>\r\n    <\/div>\r\n    <div class=\"swiper-button-prev flecha\">\r\n        <svg xmlns=\"http:\/\/www.w3.org\/2000\/svg\" width=\"54\" height=\"54\" viewbox=\"0 0 54 54\" fill=\"none\">\r\n            <path\r\n                d=\"M27 53C12.6406 53 1 41.3594 1 27C1 12.6406 12.6406 1 27 1C41.3594 1 53 12.6406 53 27C53 41.3594 41.3594 53 27 53Z\"\r\n                fill=\"#06151C\" stroke=\"#06151C\" stroke-width=\"2\" \/>\r\n            <path d=\"M43.379 27.0006H13.6376M13.6376 27.0006L22.9214 14.9316M13.6376 27.0006L22.9214 39.0696\"\r\n                stroke=\"#D9D9D9\" stroke-width=\"2\" \/>\r\n        <\/svg>\r\n    <\/div>\r\n<\/div>\r\n\r\n\r\n\r\n<script>\r\n    function initSwiper() {\r\n        if (window.innerWidth <= 767) {\r\n            var swiper = new Swiper(\".mySwiper3\", {\r\n                centeredSlides: true,\r\n                slidesPerView: \"auto\",\r\n                spaceBetween: 26,\r\n                loop: false,\r\n                navigation: {\r\n                    nextEl: \".swiper-button-next\",\r\n                    prevEl: \".swiper-button-prev\",\r\n                }\r\n            });\r\n        }\r\n    }\r\n\r\n    \/\/ Escuchar el evento de redimensionar la ventana\r\n    window.addEventListener('resize', function () {\r\n        initSwiper();\r\n    });\r\n\r\n    \/\/ Ejecutar al cargar la p\u00e1gina\r\n    initSwiper();\r\n\r\n\r\n<\/script>\t\t\t\t<\/div>\n\t\t\t\t<\/div>\n\t\t\t\t\t<\/div>\n\t\t\t\t<\/div>\n\t\t<div class=\"elementor-element elementor-element-4a36747 e-flex e-con-boxed e-con e-parent\" data-id=\"4a36747\" data-element_type=\"container\" data-e-type=\"container\">\n\t\t\t\t\t<div class=\"e-con-inner\">\n\t\t\t\t\t<\/div>\n\t\t\t\t<\/div>\n\t\t\t\t<\/div>","protected":false},"excerpt":{"rendered":"<p>PEDESTALES V\u00c1STAGO FIJO Y ASCENDENTE V\u00c1STAGO FIJO SOBRE TRAVESA\u00d1O V\u00c1STAGO FIJO CON PEDESTAL V\u00c1STAGO ASCENDENTE<\/p>","protected":false},"author":9,"featured_media":0,"parent":0,"menu_order":0,"comment_status":"closed","ping_status":"closed","template":"","meta":{"om_disable_all_campaigns":false,"_monsterinsights_skip_tracking":false,"_monsterinsights_sitenote_active":false,"_monsterinsights_sitenote_note":"","_monsterinsights_sitenote_category":0,"_uf_show_specific_survey":0,"_uf_disable_surveys":false,"footnotes":""},"class_list":["post-890","page","type-page","status-publish","hentry"],"aioseo_notices":[],"_links":{"self":[{"href":"https:\/\/estancco.com.ar\/en\/wp-json\/wp\/v2\/pages\/890","targetHints":{"allow":["GET"]}}],"collection":[{"href":"https:\/\/estancco.com.ar\/en\/wp-json\/wp\/v2\/pages"}],"about":[{"href":"https:\/\/estancco.com.ar\/en\/wp-json\/wp\/v2\/types\/page"}],"author":[{"embeddable":true,"href":"https:\/\/estancco.com.ar\/en\/wp-json\/wp\/v2\/users\/9"}],"replies":[{"embeddable":true,"href":"https:\/\/estancco.com.ar\/en\/wp-json\/wp\/v2\/comments?post=890"}],"version-history":[{"count":0,"href":"https:\/\/estancco.com.ar\/en\/wp-json\/wp\/v2\/pages\/890\/revisions"}],"wp:attachment":[{"href":"https:\/\/estancco.com.ar\/en\/wp-json\/wp\/v2\/media?parent=890"}],"curies":[{"name":"wp","href":"https:\/\/api.w.org\/{rel}","templated":true}]}}