{"id":4364,"date":"2025-07-30T23:40:10","date_gmt":"2025-07-30T23:40:10","guid":{"rendered":"https:\/\/estancco.com.ar\/?page_id=4364"},"modified":"2025-09-26T20:08:51","modified_gmt":"2025-09-26T20:08:51","slug":"controlador-integrado-electromecanico-am01-1","status":"publish","type":"page","link":"https:\/\/estancco.com.ar\/en\/controlador-integrado-electromecanico-am01-1\/","title":{"rendered":"Controlador integrado (electromec\u00e1nico) AM01.1 (5.2)"},"content":{"rendered":"<div data-elementor-type=\"wp-page\" data-elementor-id=\"4364\" class=\"elementor elementor-4364\" data-elementor-post-type=\"page\">\n\t\t\t\t<div class=\"elementor-element elementor-element-dfed468 e-flex e-con-boxed e-con e-parent\" data-id=\"dfed468\" data-element_type=\"container\" data-e-type=\"container\">\n\t\t\t\t\t<div class=\"e-con-inner\">\n\t\t\t\t<div class=\"elementor-element elementor-element-4cc3405 elementor-widget elementor-widget-heading\" data-id=\"4cc3405\" data-element_type=\"widget\" data-e-type=\"widget\" data-widget_type=\"heading.default\">\n\t\t\t\t<div class=\"elementor-widget-container\">\n\t\t\t\t\t<h2 class=\"elementor-heading-title elementor-size-default\">Built-in controller (electromechanical) AM01.1<\/h2>\t\t\t\t<\/div>\n\t\t\t\t<\/div>\n\t\t<div class=\"elementor-element elementor-element-1bb1039 e-con-full e-flex e-con e-child\" data-id=\"1bb1039\" data-element_type=\"container\" data-e-type=\"container\">\n\t\t\t\t<div class=\"elementor-element elementor-element-e618e8a elementor-widget elementor-widget-heading\" data-id=\"e618e8a\" data-element_type=\"widget\" data-e-type=\"widget\" data-widget_type=\"heading.default\">\n\t\t\t\t<div class=\"elementor-widget-container\">\n\t\t\t\t\t<h2 class=\"elementor-heading-title elementor-size-default\">Main differences between drivers<\/h2>\t\t\t\t<\/div>\n\t\t\t\t<\/div>\n\t\t\t\t<div class=\"elementor-element elementor-element-f79d8b0 elementor-widget elementor-widget-image\" data-id=\"f79d8b0\" data-element_type=\"widget\" data-e-type=\"widget\" data-widget_type=\"image.default\">\n\t\t\t\t<div class=\"elementor-widget-container\">\n\t\t\t\t\t\t\t\t\t\t\t\t\t\t\t<img fetchpriority=\"high\" decoding=\"async\" width=\"1297\" height=\"488\" src=\"https:\/\/estancco.com.ar\/wp-content\/uploads\/2025\/07\/Imagen-9.png\" class=\"attachment-full size-full wp-image-4319\" alt=\"\" srcset=\"https:\/\/estancco.com.ar\/wp-content\/uploads\/2025\/07\/Imagen-9.png 1297w, https:\/\/estancco.com.ar\/wp-content\/uploads\/2025\/07\/Imagen-9-300x113.png 300w, https:\/\/estancco.com.ar\/wp-content\/uploads\/2025\/07\/Imagen-9-1024x385.png 1024w, https:\/\/estancco.com.ar\/wp-content\/uploads\/2025\/07\/Imagen-9-768x289.png 768w\" sizes=\"(max-width: 1297px) 100vw, 1297px\" \/>\t\t\t\t\t\t\t\t\t\t\t\t\t\t\t<\/div>\n\t\t\t\t<\/div>\n\t\t\t\t<div class=\"elementor-element elementor-element-61ef4ed elementor-widget elementor-widget-image\" data-id=\"61ef4ed\" data-element_type=\"widget\" data-e-type=\"widget\" data-widget_type=\"image.default\">\n\t\t\t\t<div class=\"elementor-widget-container\">\n\t\t\t\t\t\t\t\t\t\t\t\t\t\t\t\t<a href=\"https:\/\/estancco.com.ar\/wp-content\/uploads\/2025\/07\/Tabla-10.png\" data-elementor-open-lightbox=\"yes\" data-elementor-lightbox-title=\"Tabla 10\" data-e-action-hash=\"#elementor-action%3Aaction%3Dlightbox%26settings%3DeyJpZCI6NDM0NCwidXJsIjoiaHR0cHM6XC9cL2VzdGFuY2NvLmNvbS5hclwvd3AtY29udGVudFwvdXBsb2Fkc1wvMjAyNVwvMDdcL1RhYmxhLTEwLnBuZyJ9\">\n\t\t\t\t\t\t\t<img decoding=\"async\" width=\"1115\" height=\"739\" src=\"https:\/\/estancco.com.ar\/wp-content\/uploads\/2025\/07\/Tabla-10.png\" class=\"attachment-full size-full wp-image-4344\" alt=\"\" srcset=\"https:\/\/estancco.com.ar\/wp-content\/uploads\/2025\/07\/Tabla-10.png 1115w, https:\/\/estancco.com.ar\/wp-content\/uploads\/2025\/07\/Tabla-10-300x199.png 300w, https:\/\/estancco.com.ar\/wp-content\/uploads\/2025\/07\/Tabla-10-1024x679.png 1024w, https:\/\/estancco.com.ar\/wp-content\/uploads\/2025\/07\/Tabla-10-768x509.png 768w\" sizes=\"(max-width: 1115px) 100vw, 1115px\" \/>\t\t\t\t\t\t\t\t<\/a>\n\t\t\t\t\t\t\t\t\t\t\t\t\t\t\t<\/div>\n\t\t\t\t<\/div>\n\t\t\t\t<\/div>\n\t\t\t\t\t<\/div>\n\t\t\t\t<\/div>\n\t\t<div class=\"elementor-element elementor-element-be406c3 e-flex e-con-boxed e-con e-parent\" data-id=\"be406c3\" data-element_type=\"container\" data-e-type=\"container\">\n\t\t\t\t\t<div class=\"e-con-inner\">\n\t\t\t\t<div class=\"elementor-element elementor-element-d8c75f3 elementor-widget__width-initial elementor-widget elementor-widget-text-editor\" data-id=\"d8c75f3\" data-element_type=\"widget\" data-e-type=\"widget\" data-widget_type=\"text-editor.default\">\n\t\t\t\t<div class=\"elementor-widget-container\">\n\t\t\t\t\t\t\t\t\t<p>If you use a signal transmission parallel, and the number of signals to the automation system is to be expected, the AM is the adequate control thanks to its simple structure.<\/p><p>Via switches is adjusted by a small number of parameters during the commissioning, e.g., the type of disconnection in the end positions.<\/p><p>The control is done by using the commands OPEN, STOP, CLOSE. The automation system are transmitted in the form of signals, the scope of a final position, and a collective fault signal. These signals are also displayed in the local commanders by means of indicator light. The position of the valve may also be passed as a signal of 0\/4 \u2013 20 mA to the automation system (optional)<\/p>\t\t\t\t\t\t\t\t<\/div>\n\t\t\t\t<\/div>\n\t\t\t\t\t<\/div>\n\t\t\t\t<\/div>\n\t\t<div class=\"elementor-element elementor-element-39aa415 e-flex e-con-boxed e-con e-parent\" data-id=\"39aa415\" data-element_type=\"container\" data-e-type=\"container\">\n\t\t\t\t\t<div class=\"e-con-inner\">\n\t\t\t\t<div class=\"elementor-element elementor-element-5adf932 elementor-widget elementor-widget-heading\" data-id=\"5adf932\" data-element_type=\"widget\" data-e-type=\"widget\" data-widget_type=\"heading.default\">\n\t\t\t\t<div class=\"elementor-widget-container\">\n\t\t\t\t\t<h2 class=\"elementor-heading-title elementor-size-default\">Overview of functions<\/h2>\t\t\t\t<\/div>\n\t\t\t\t<\/div>\n\t\t\t\t<div class=\"elementor-element elementor-element-0cd988e elementor-widget elementor-widget-image\" data-id=\"0cd988e\" data-element_type=\"widget\" data-e-type=\"widget\" data-widget_type=\"image.default\">\n\t\t\t\t<div class=\"elementor-widget-container\">\n\t\t\t\t\t\t\t\t\t\t\t\t\t\t\t\t<a href=\"https:\/\/estancco.com.ar\/wp-content\/uploads\/2025\/07\/Tabla-11.png\" data-elementor-open-lightbox=\"yes\" data-elementor-lightbox-title=\"Tabla 11\" data-e-action-hash=\"#elementor-action%3Aaction%3Dlightbox%26settings%3DeyJpZCI6NDM0NSwidXJsIjoiaHR0cHM6XC9cL2VzdGFuY2NvLmNvbS5hclwvd3AtY29udGVudFwvdXBsb2Fkc1wvMjAyNVwvMDdcL1RhYmxhLTExLnBuZyJ9\">\n\t\t\t\t\t\t\t<img decoding=\"async\" width=\"649\" height=\"643\" src=\"https:\/\/estancco.com.ar\/wp-content\/uploads\/2025\/07\/Tabla-11.png\" class=\"attachment-full size-full wp-image-4345\" alt=\"\" srcset=\"https:\/\/estancco.com.ar\/wp-content\/uploads\/2025\/07\/Tabla-11.png 649w, https:\/\/estancco.com.ar\/wp-content\/uploads\/2025\/07\/Tabla-11-300x297.png 300w, https:\/\/estancco.com.ar\/wp-content\/uploads\/2025\/07\/Tabla-11-150x150.png 150w\" sizes=\"(max-width: 649px) 100vw, 649px\" \/>\t\t\t\t\t\t\t\t<\/a>\n\t\t\t\t\t\t\t\t\t\t\t\t\t\t\t<\/div>\n\t\t\t\t<\/div>\n\t\t<div class=\"elementor-element elementor-element-9268b6d e-grid e-con-full e-con e-child\" data-id=\"9268b6d\" data-element_type=\"container\" data-e-type=\"container\">\n\t\t\t\t<div class=\"elementor-element elementor-element-5884406 elementor-align-right elementor-mobile-align-center elementor-widget__width-inherit elementor-widget elementor-widget-button\" data-id=\"5884406\" data-element_type=\"widget\" data-e-type=\"widget\" data-widget_type=\"button.default\">\n\t\t\t\t<div class=\"elementor-widget-container\">\n\t\t\t\t\t\t\t\t\t<div class=\"elementor-button-wrapper\">\n\t\t\t\t\t<a class=\"elementor-button elementor-button-link elementor-size-sm elementor-animation-grow\" href=\"https:\/\/estancco.com.ar\/wp-content\/uploads\/2025\/09\/ESTANCCO_SolicitudCotizacion.pdf\">\n\t\t\t\t\t\t<span class=\"elementor-button-content-wrapper\">\n\t\t\t\t\t\t\t\t\t<span class=\"elementor-button-text\">Tab request for quote<\/span>\n\t\t\t\t\t<\/span>\n\t\t\t\t\t<\/a>\n\t\t\t\t<\/div>\n\t\t\t\t\t\t\t\t<\/div>\n\t\t\t\t<\/div>\n\t\t\t\t<div class=\"elementor-element elementor-element-7025d1b elementor-mobile-align-center elementor-widget__width-inherit elementor-widget elementor-widget-button\" data-id=\"7025d1b\" data-element_type=\"widget\" data-e-type=\"widget\" data-widget_type=\"button.default\">\n\t\t\t\t<div class=\"elementor-widget-container\">\n\t\t\t\t\t\t\t\t\t<div class=\"elementor-button-wrapper\">\n\t\t\t\t\t<a class=\"elementor-button elementor-button-link elementor-size-sm elementor-animation-grow\" href=\"https:\/\/estancco.com.ar\/wp-content\/uploads\/2025\/08\/5.2-Control-AM-Electromecanico.pdf\" target=\"_blank\">\n\t\t\t\t\t\t<span class=\"elementor-button-content-wrapper\">\n\t\t\t\t\t\t\t\t\t<span class=\"elementor-button-text\">Download Control AM (Electromechanical)<\/span>\n\t\t\t\t\t<\/span>\n\t\t\t\t\t<\/a>\n\t\t\t\t<\/div>\n\t\t\t\t\t\t\t\t<\/div>\n\t\t\t\t<\/div>\n\t\t\t\t<\/div>\n\t\t\t\t\t<\/div>\n\t\t\t\t<\/div>\n\t\t\t\t<\/div>","protected":false},"excerpt":{"rendered":"<p>Controlador integrado (electromec\u00e1nico) AM01.1 Principales diferencias entre controladores Si se utiliza una transmisi\u00f3n de se\u00f1al paralela y el n\u00famero de se\u00f1ales al sistema de automatizaci\u00f3n es previsible, el AM es el control adecuado gracias a su sencilla estructura. Mediante switches se ajusta un n\u00famero reducido de par\u00e1metros durante la puesta en servicio, como p. ej., [&hellip;]<\/p>","protected":false},"author":9,"featured_media":0,"parent":0,"menu_order":0,"comment_status":"closed","ping_status":"closed","template":"","meta":{"om_disable_all_campaigns":false,"_monsterinsights_skip_tracking":false,"_monsterinsights_sitenote_active":false,"_monsterinsights_sitenote_note":"","_monsterinsights_sitenote_category":0,"_uf_show_specific_survey":0,"_uf_disable_surveys":false,"footnotes":""},"class_list":["post-4364","page","type-page","status-publish","hentry"],"aioseo_notices":[],"_links":{"self":[{"href":"https:\/\/estancco.com.ar\/en\/wp-json\/wp\/v2\/pages\/4364","targetHints":{"allow":["GET"]}}],"collection":[{"href":"https:\/\/estancco.com.ar\/en\/wp-json\/wp\/v2\/pages"}],"about":[{"href":"https:\/\/estancco.com.ar\/en\/wp-json\/wp\/v2\/types\/page"}],"author":[{"embeddable":true,"href":"https:\/\/estancco.com.ar\/en\/wp-json\/wp\/v2\/users\/9"}],"replies":[{"embeddable":true,"href":"https:\/\/estancco.com.ar\/en\/wp-json\/wp\/v2\/comments?post=4364"}],"version-history":[{"count":0,"href":"https:\/\/estancco.com.ar\/en\/wp-json\/wp\/v2\/pages\/4364\/revisions"}],"wp:attachment":[{"href":"https:\/\/estancco.com.ar\/en\/wp-json\/wp\/v2\/media?parent=4364"}],"curies":[{"name":"wp","href":"https:\/\/api.w.org\/{rel}","templated":true}]}}