{"id":4221,"date":"2025-07-25T21:28:19","date_gmt":"2025-07-25T21:28:19","guid":{"rendered":"https:\/\/estancco.com.ar\/?page_id=4221"},"modified":"2025-09-26T19:59:40","modified_gmt":"2025-09-26T19:59:40","slug":"actuadores-sqr","status":"publish","type":"page","link":"https:\/\/estancco.com.ar\/en\/actuadores-sqr\/","title":{"rendered":"Actuadores (SQR) 3.2"},"content":{"rendered":"<div data-elementor-type=\"wp-page\" data-elementor-id=\"4221\" class=\"elementor elementor-4221\" data-elementor-post-type=\"page\">\n\t\t\t\t<div class=\"elementor-element elementor-element-5d4b89f e-flex e-con-boxed e-con e-parent\" data-id=\"5d4b89f\" data-element_type=\"container\" data-e-type=\"container\">\n\t\t\t\t\t<div class=\"e-con-inner\">\n\t\t<div class=\"elementor-element elementor-element-b2938e9 e-con-full e-flex e-con e-child\" data-id=\"b2938e9\" data-element_type=\"container\" data-e-type=\"container\">\n\t\t\t\t<div class=\"elementor-element elementor-element-9b5b48d elementor-widget elementor-widget-image\" data-id=\"9b5b48d\" data-element_type=\"widget\" data-e-type=\"widget\" data-widget_type=\"image.default\">\n\t\t\t\t<div class=\"elementor-widget-container\">\n\t\t\t\t\t\t\t\t\t\t\t\t\t\t\t<img fetchpriority=\"high\" decoding=\"async\" width=\"1024\" height=\"768\" src=\"https:\/\/estancco.com.ar\/wp-content\/uploads\/2025\/07\/imagen-5.jpg\" class=\"attachment-full size-full wp-image-4144\" alt=\"\" srcset=\"https:\/\/estancco.com.ar\/wp-content\/uploads\/2025\/07\/imagen-5.jpg 1024w, https:\/\/estancco.com.ar\/wp-content\/uploads\/2025\/07\/imagen-5-300x225.jpg 300w, https:\/\/estancco.com.ar\/wp-content\/uploads\/2025\/07\/imagen-5-768x576.jpg 768w\" sizes=\"(max-width: 1024px) 100vw, 1024px\" \/>\t\t\t\t\t\t\t\t\t\t\t\t\t\t\t<\/div>\n\t\t\t\t<\/div>\n\t\t\t\t<\/div>\n\t\t<div class=\"elementor-element elementor-element-4322675 e-con-full e-flex e-con e-child\" data-id=\"4322675\" data-element_type=\"container\" data-e-type=\"container\">\n\t\t<div class=\"elementor-element elementor-element-308c975 e-con-full e-flex e-con e-child\" data-id=\"308c975\" data-element_type=\"container\" data-e-type=\"container\" data-settings=\"{&quot;background_background&quot;:&quot;classic&quot;}\">\n\t\t\t\t<div class=\"elementor-element elementor-element-7057f4e elementor-widget elementor-widget-heading\" data-id=\"7057f4e\" data-element_type=\"widget\" data-e-type=\"widget\" data-widget_type=\"heading.default\">\n\t\t\t\t<div class=\"elementor-widget-container\">\n\t\t\t\t\t<h2 class=\"elementor-heading-title elementor-size-default\">Actuators \u201cModulating \/ Regulating\u201d (75 - 1,200 Nm) (SQR)<\/h2>\t\t\t\t<\/div>\n\t\t\t\t<\/div>\n\t\t\t\t<div class=\"elementor-element elementor-element-e1c6ad3 elementor-widget__width-inherit elementor-widget elementor-widget-button\" data-id=\"e1c6ad3\" data-element_type=\"widget\" data-e-type=\"widget\" data-widget_type=\"button.default\">\n\t\t\t\t<div class=\"elementor-widget-container\">\n\t\t\t\t\t\t\t\t\t<div class=\"elementor-button-wrapper\">\n\t\t\t\t\t<a class=\"elementor-button elementor-button-link elementor-size-sm elementor-animation-grow\" href=\"https:\/\/estancco.com.ar\/wp-content\/uploads\/2025\/09\/ESTANCCO_SolicitudCotizacion.pdf\" target=\"_blank\">\n\t\t\t\t\t\t<span class=\"elementor-button-content-wrapper\">\n\t\t\t\t\t\t\t\t\t<span class=\"elementor-button-text\">Tab request for quote<\/span>\n\t\t\t\t\t<\/span>\n\t\t\t\t\t<\/a>\n\t\t\t\t<\/div>\n\t\t\t\t\t\t\t\t<\/div>\n\t\t\t\t<\/div>\n\t\t\t\t<\/div>\n\t\t\t\t<\/div>\n\t\t\t\t\t<\/div>\n\t\t\t\t<\/div>\n\t\t<div class=\"elementor-element elementor-element-62496d7 e-flex e-con-boxed e-con e-parent\" data-id=\"62496d7\" data-element_type=\"container\" data-e-type=\"container\">\n\t\t\t\t\t<div class=\"e-con-inner\">\n\t\t\t\t<div class=\"elementor-element elementor-element-f02691f elementor-widget elementor-widget-text-editor\" data-id=\"f02691f\" data-element_type=\"widget\" data-e-type=\"widget\" data-widget_type=\"text-editor.default\">\n\t\t\t\t<div class=\"elementor-widget-container\">\n\t\t\t\t\t\t\t\t\t<p>The quarter-turn actuators \u201cModulating\u201d series SQR have been designed for the service of \u201cregulation\u201d<\/p>\t\t\t\t\t\t\t\t<\/div>\n\t\t\t\t<\/div>\n\t\t\t\t<div class=\"elementor-element elementor-element-484daba elementor-widget elementor-widget-heading\" data-id=\"484daba\" data-element_type=\"widget\" data-e-type=\"widget\" data-widget_type=\"heading.default\">\n\t\t\t\t<div class=\"elementor-widget-container\">\n\t\t\t\t\t<h2 class=\"elementor-heading-title elementor-size-default\">RANGES OF ANGLE OF OPENING<\/h2>\t\t\t\t<\/div>\n\t\t\t\t<\/div>\n\t\t\t\t\t<\/div>\n\t\t\t\t<\/div>\n\t\t<div class=\"elementor-element elementor-element-7c53aca e-flex e-con-boxed e-con e-parent\" data-id=\"7c53aca\" data-element_type=\"container\" data-e-type=\"container\">\n\t\t\t\t\t<div class=\"e-con-inner\">\n\t\t\t\t<div class=\"elementor-element elementor-element-4ec6d54 elementor-widget elementor-widget-text-editor\" data-id=\"4ec6d54\" data-element_type=\"widget\" data-e-type=\"widget\" data-widget_type=\"text-editor.default\">\n\t\t\t\t<div class=\"elementor-widget-container\">\n\t\t\t\t\t\t\t\t\t<p>The opening angle can be continuously adjusted within the ranges indicated.<\/p>\t\t\t\t\t\t\t\t<\/div>\n\t\t\t\t<\/div>\n\t\t\t\t<div class=\"elementor-element elementor-element-e5ac7e4 elementor-widget elementor-widget-image\" data-id=\"e5ac7e4\" data-element_type=\"widget\" data-e-type=\"widget\" data-widget_type=\"image.default\">\n\t\t\t\t<div class=\"elementor-widget-container\">\n\t\t\t\t\t\t\t\t\t\t\t\t\t\t\t<img decoding=\"async\" width=\"414\" height=\"81\" src=\"https:\/\/estancco.com.ar\/wp-content\/uploads\/2025\/07\/Tabla-6.png\" class=\"attachment-full size-full wp-image-4216\" alt=\"\" srcset=\"https:\/\/estancco.com.ar\/wp-content\/uploads\/2025\/07\/Tabla-6.png 414w, https:\/\/estancco.com.ar\/wp-content\/uploads\/2025\/07\/Tabla-6-300x59.png 300w\" sizes=\"(max-width: 414px) 100vw, 414px\" \/>\t\t\t\t\t\t\t\t\t\t\t\t\t\t\t<\/div>\n\t\t\t\t<\/div>\n\t\t\t\t<div class=\"elementor-element elementor-element-f016d48 elementor-widget elementor-widget-heading\" data-id=\"f016d48\" data-element_type=\"widget\" data-e-type=\"widget\" data-widget_type=\"heading.default\">\n\t\t\t\t<div class=\"elementor-widget-container\">\n\t\t\t\t\t<h2 class=\"elementor-heading-title elementor-size-default\">Main features:<\/h2>\t\t\t\t<\/div>\n\t\t\t\t<\/div>\n\t\t\t\t<div class=\"elementor-element elementor-element-fd932a5 elementor-widget elementor-widget-text-editor\" data-id=\"fd932a5\" data-element_type=\"widget\" data-e-type=\"widget\" data-widget_type=\"text-editor.default\">\n\t\t\t\t<div class=\"elementor-widget-container\">\n\t\t\t\t\t\t\t\t\t<p>-Torque protection, protects the actuator against overload or obstruction of the valve.<\/p>\n<p>-Programmable race ends.<\/p>\n<p>Motor over-temperature protection (140 \u00baC).&nbsp;<\/p><p><span style=\"font-size: 1rem;\">-<\/span>Display positioning closed, open, intermediate (optional).<\/p>\n<p>\u2022Internal resistance of heating, reduces the formation of condensate.<\/p>\n<p>-IP68 means protection against flooding up to a maximum of 8 M.C.A. for a maximum time of 96 hours. Up to 10 operations are possible during immersion.<\/p>\n<p><strong>Working stresses<\/strong> (Page 70):<\/p>\n<p>Three-phase (VAC): 220; 230; 240; 380; 400; 415; 500; 525; 660; 690 (50 Hz).<\/p>\n<p>Single-phase (VAC): 230 (50Hz).<\/p>\n<p>-DVC: 24; 48; 60; 110; 220.<\/p>\t\t\t\t\t\t\t\t<\/div>\n\t\t\t\t<\/div>\n\t\t\t\t<div class=\"elementor-element elementor-element-7a0fdce elementor-widget elementor-widget-heading\" data-id=\"7a0fdce\" data-element_type=\"widget\" data-e-type=\"widget\" data-widget_type=\"heading.default\">\n\t\t\t\t<div class=\"elementor-widget-container\">\n\t\t\t\t\t<h2 class=\"elementor-heading-title elementor-size-default\">Types of command for operation:<\/h2>\t\t\t\t<\/div>\n\t\t\t\t<\/div>\n\t\t\t\t<div class=\"elementor-element elementor-element-0e9a775 elementor-widget elementor-widget-text-editor\" data-id=\"0e9a775\" data-element_type=\"widget\" data-e-type=\"widget\" data-widget_type=\"text-editor.default\">\n\t\t\t\t<div class=\"elementor-widget-container\">\n\t\t\t\t\t\t\t\t\t<p><strong>\u2022Remote (distance):<\/strong> Using external switches, SCADA or closed loops using a PLC (PID).<\/p><p><strong>\u2022Local:<\/strong> Using hand-held pendant stations located on the computer or external enclosure.<\/p><p><strong>\u2022Manual:<\/strong> This medium is used before the power outage, and can trigger valve or damper through the steering wheel mechanical provided with the computer.<\/p>\t\t\t\t\t\t\t\t<\/div>\n\t\t\t\t<\/div>\n\t\t\t\t<div class=\"elementor-element elementor-element-61ee2d4 elementor-widget elementor-widget-heading\" data-id=\"61ee2d4\" data-element_type=\"widget\" data-e-type=\"widget\" data-widget_type=\"heading.default\">\n\t\t\t\t<div class=\"elementor-widget-container\">\n\t\t\t\t\t<h2 class=\"elementor-heading-title elementor-size-default\">Table of ranges:<\/h2>\t\t\t\t<\/div>\n\t\t\t\t<\/div>\n\t\t\t\t<div class=\"elementor-element elementor-element-da899ea elementor-widget elementor-widget-image\" data-id=\"da899ea\" data-element_type=\"widget\" data-e-type=\"widget\" data-widget_type=\"image.default\">\n\t\t\t\t<div class=\"elementor-widget-container\">\n\t\t\t\t\t\t\t\t\t\t\t\t\t\t\t<img decoding=\"async\" width=\"615\" height=\"132\" src=\"https:\/\/estancco.com.ar\/wp-content\/uploads\/2025\/07\/Tabla-5.png\" class=\"attachment-full size-full wp-image-4223\" alt=\"\" srcset=\"https:\/\/estancco.com.ar\/wp-content\/uploads\/2025\/07\/Tabla-5.png 615w, https:\/\/estancco.com.ar\/wp-content\/uploads\/2025\/07\/Tabla-5-300x64.png 300w\" sizes=\"(max-width: 615px) 100vw, 615px\" \/>\t\t\t\t\t\t\t\t\t\t\t\t\t\t\t<\/div>\n\t\t\t\t<\/div>\n\t\t\t\t\t<\/div>\n\t\t\t\t<\/div>\n\t\t\t\t<\/div>","protected":false},"excerpt":{"rendered":"<p>Actuadores \u201cModulante \/ Regulaci\u00f3n\u201d (75 &#8211; 1.200 Nm) (SQR) Ficha solicitud de cotizaci\u00f3n Los actuadores fracci\u00f3n de vuelta &#8220;Modulantes&#8221; de la serie SQR se han dise\u00f1ado para el servicio de &#8220;regulaci\u00f3n&#8221; RANGOS DE \u00c1NGULO DE APERTURA El \u00e1ngulo de apertura se puede ajustar de forma continua dentro de los rangos indicados. Principales caracter\u00edsticas: \u2022Protecci\u00f3n de [&hellip;]<\/p>","protected":false},"author":9,"featured_media":0,"parent":0,"menu_order":0,"comment_status":"closed","ping_status":"closed","template":"","meta":{"om_disable_all_campaigns":false,"_monsterinsights_skip_tracking":false,"_monsterinsights_sitenote_active":false,"_monsterinsights_sitenote_note":"","_monsterinsights_sitenote_category":0,"_uf_show_specific_survey":0,"_uf_disable_surveys":false,"footnotes":""},"class_list":["post-4221","page","type-page","status-publish","hentry"],"aioseo_notices":[],"_links":{"self":[{"href":"https:\/\/estancco.com.ar\/en\/wp-json\/wp\/v2\/pages\/4221","targetHints":{"allow":["GET"]}}],"collection":[{"href":"https:\/\/estancco.com.ar\/en\/wp-json\/wp\/v2\/pages"}],"about":[{"href":"https:\/\/estancco.com.ar\/en\/wp-json\/wp\/v2\/types\/page"}],"author":[{"embeddable":true,"href":"https:\/\/estancco.com.ar\/en\/wp-json\/wp\/v2\/users\/9"}],"replies":[{"embeddable":true,"href":"https:\/\/estancco.com.ar\/en\/wp-json\/wp\/v2\/comments?post=4221"}],"version-history":[{"count":0,"href":"https:\/\/estancco.com.ar\/en\/wp-json\/wp\/v2\/pages\/4221\/revisions"}],"wp:attachment":[{"href":"https:\/\/estancco.com.ar\/en\/wp-json\/wp\/v2\/media?parent=4221"}],"curies":[{"name":"wp","href":"https:\/\/api.w.org\/{rel}","templated":true}]}}