{"id":4035,"date":"2025-07-15T21:13:28","date_gmt":"2025-07-15T21:13:28","guid":{"rendered":"https:\/\/estancco.com.ar\/?page_id=4035"},"modified":"2025-09-10T20:21:39","modified_gmt":"2025-09-10T20:21:39","slug":"repuestos-v2","status":"publish","type":"page","link":"https:\/\/estancco.com.ar\/en\/repuestos-v2\/","title":{"rendered":"Spare parts"},"content":{"rendered":"<div data-elementor-type=\"wp-page\" data-elementor-id=\"4035\" class=\"elementor elementor-4035\" data-elementor-post-type=\"page\">\n\t\t\t\t<div class=\"elementor-element elementor-element-86b862d e-con-full e-flex e-con e-parent\" data-id=\"86b862d\" data-element_type=\"container\" data-e-type=\"container\" data-settings=\"{&quot;background_background&quot;:&quot;classic&quot;}\">\n\t\t\t\t<div class=\"elementor-element elementor-element-f1ce113 elementor-widget__width-initial elementor-widget-mobile__width-initial elementor-widget elementor-widget-heading\" data-id=\"f1ce113\" data-element_type=\"widget\" data-e-type=\"widget\" data-widget_type=\"heading.default\">\n\t\t\t\t<div class=\"elementor-widget-container\">\n\t\t\t\t\t<h2 class=\"elementor-heading-title elementor-size-default\">All our spare parts are available<\/h2>\t\t\t\t<\/div>\n\t\t\t\t<\/div>\n\t\t\t\t<\/div>\n\t\t<div class=\"elementor-element elementor-element-7a79b1b e-flex e-con-boxed e-con e-parent\" data-id=\"7a79b1b\" data-element_type=\"container\" data-e-type=\"container\" data-settings=\"{&quot;background_background&quot;:&quot;classic&quot;}\">\n\t\t\t\t\t<div class=\"e-con-inner\">\n\t\t<div class=\"elementor-element elementor-element-cb86d5e e-grid e-con-full e-con e-child\" data-id=\"cb86d5e\" data-element_type=\"container\" data-e-type=\"container\">\n\t\t<div class=\"elementor-element elementor-element-07b6b56 e-con-full e-flex e-con e-child\" data-id=\"07b6b56\" data-element_type=\"container\" data-e-type=\"container\">\n\t\t<div class=\"elementor-element elementor-element-242ebf7 e-con-full e-flex e-con e-child\" data-id=\"242ebf7\" data-element_type=\"container\" data-e-type=\"container\" data-settings=\"{&quot;background_background&quot;:&quot;slideshow&quot;,&quot;background_slideshow_gallery&quot;:[{&quot;id&quot;:4395,&quot;url&quot;:&quot;https:\\\/\\\/estancco.com.ar\\\/wp-content\\\/uploads\\\/2025\\\/07\\\/R4-1-scaled.jpg&quot;},{&quot;id&quot;:4391,&quot;url&quot;:&quot;https:\\\/\\\/estancco.com.ar\\\/wp-content\\\/uploads\\\/2025\\\/07\\\/R2.jpg&quot;}],&quot;background_slideshow_loop&quot;:&quot;yes&quot;,&quot;background_slideshow_slide_duration&quot;:5000,&quot;background_slideshow_slide_transition&quot;:&quot;fade&quot;,&quot;background_slideshow_transition_duration&quot;:500}\">\n\t\t\t\t<\/div>\n\t\t\t\t<div class=\"elementor-element elementor-element-5f84544 elementor-widget-mobile__width-initial elementor-widget elementor-widget-heading\" data-id=\"5f84544\" data-element_type=\"widget\" data-e-type=\"widget\" data-widget_type=\"heading.default\">\n\t\t\t\t<div class=\"elementor-widget-container\">\n\t\t\t\t\t<h2 class=\"elementor-heading-title elementor-size-default\">Hydraulic seal built in EPDM with unions hot-vulcanized<\/h2>\t\t\t\t<\/div>\n\t\t\t\t<\/div>\n\t\t\t\t<\/div>\n\t\t<div class=\"elementor-element elementor-element-cc01f35 e-con-full e-flex e-con e-child\" data-id=\"cc01f35\" data-element_type=\"container\" data-e-type=\"container\">\n\t\t<div class=\"elementor-element elementor-element-15c4758 e-con-full e-flex e-con e-child\" data-id=\"15c4758\" data-element_type=\"container\" data-e-type=\"container\" data-settings=\"{&quot;background_background&quot;:&quot;slideshow&quot;,&quot;background_slideshow_gallery&quot;:[{&quot;id&quot;:4397,&quot;url&quot;:&quot;https:\\\/\\\/estancco.com.ar\\\/wp-content\\\/uploads\\\/2025\\\/07\\\/R5-scaled.jpg&quot;},{&quot;id&quot;:4398,&quot;url&quot;:&quot;https:\\\/\\\/estancco.com.ar\\\/wp-content\\\/uploads\\\/2025\\\/07\\\/R6-scaled.jpg&quot;}],&quot;background_slideshow_loop&quot;:&quot;yes&quot;,&quot;background_slideshow_slide_duration&quot;:5000,&quot;background_slideshow_slide_transition&quot;:&quot;fade&quot;,&quot;background_slideshow_transition_duration&quot;:500}\">\n\t\t\t\t<\/div>\n\t\t\t\t<div class=\"elementor-element elementor-element-4e3e356 elementor-widget-mobile__width-initial elementor-widget elementor-widget-heading\" data-id=\"4e3e356\" data-element_type=\"widget\" data-e-type=\"widget\" data-widget_type=\"heading.default\">\n\t\t\t\t<div class=\"elementor-widget-container\">\n\t\t\t\t\t<h2 class=\"elementor-heading-title elementor-size-default\">Box porta nut. Includes nut bronze, brackets and washers\n<\/h2>\t\t\t\t<\/div>\n\t\t\t\t<\/div>\n\t\t\t\t<\/div>\n\t\t<div class=\"elementor-element elementor-element-c5643c7 e-con-full e-flex e-con e-child\" data-id=\"c5643c7\" data-element_type=\"container\" data-e-type=\"container\">\n\t\t<div class=\"elementor-element elementor-element-53f10e0 e-con-full e-flex e-con e-child\" data-id=\"53f10e0\" data-element_type=\"container\" data-e-type=\"container\" data-settings=\"{&quot;background_background&quot;:&quot;slideshow&quot;,&quot;background_slideshow_gallery&quot;:[{&quot;id&quot;:4399,&quot;url&quot;:&quot;https:\\\/\\\/estancco.com.ar\\\/wp-content\\\/uploads\\\/2025\\\/07\\\/R7-scaled.jpg&quot;},{&quot;id&quot;:4400,&quot;url&quot;:&quot;https:\\\/\\\/estancco.com.ar\\\/wp-content\\\/uploads\\\/2025\\\/07\\\/R8-scaled.jpg&quot;},{&quot;id&quot;:4401,&quot;url&quot;:&quot;https:\\\/\\\/estancco.com.ar\\\/wp-content\\\/uploads\\\/2025\\\/07\\\/R9.jpg&quot;}],&quot;background_slideshow_loop&quot;:&quot;yes&quot;,&quot;background_slideshow_slide_duration&quot;:5000,&quot;background_slideshow_slide_transition&quot;:&quot;fade&quot;,&quot;background_slideshow_transition_duration&quot;:500}\">\n\t\t\t\t<\/div>\n\t\t\t\t<div class=\"elementor-element elementor-element-2fb874e elementor-widget-mobile__width-initial elementor-widget elementor-widget-heading\" data-id=\"2fb874e\" data-element_type=\"widget\" data-e-type=\"widget\" data-widget_type=\"heading.default\">\n\t\t\t\t<div class=\"elementor-widget-container\">\n\t\t\t\t\t<h2 class=\"elementor-heading-title elementor-size-default\">Limit switch with limit stop for rising piston rod<\/h2>\t\t\t\t<\/div>\n\t\t\t\t<\/div>\n\t\t\t\t<\/div>\n\t\t\t\t<\/div>\n\t\t\t\t\t<\/div>\n\t\t\t\t<\/div>\n\t\t<div class=\"elementor-element elementor-element-58f7a64 e-flex e-con-boxed e-con e-parent\" data-id=\"58f7a64\" data-element_type=\"container\" data-e-type=\"container\" data-settings=\"{&quot;background_background&quot;:&quot;classic&quot;}\">\n\t\t\t\t\t<div class=\"e-con-inner\">\n\t\t<div class=\"elementor-element elementor-element-8a2fac0 e-grid e-con-full e-con e-child\" data-id=\"8a2fac0\" data-element_type=\"container\" data-e-type=\"container\">\n\t\t<div class=\"elementor-element elementor-element-af873c3 e-con-full e-flex e-con e-child\" data-id=\"af873c3\" data-element_type=\"container\" data-e-type=\"container\">\n\t\t<div class=\"elementor-element elementor-element-fccb9d3 e-con-full e-flex e-con e-child\" data-id=\"fccb9d3\" data-element_type=\"container\" data-e-type=\"container\" data-settings=\"{&quot;background_background&quot;:&quot;slideshow&quot;,&quot;background_slideshow_gallery&quot;:[{&quot;id&quot;:4402,&quot;url&quot;:&quot;https:\\\/\\\/estancco.com.ar\\\/wp-content\\\/uploads\\\/2025\\\/07\\\/R10-scaled.jpg&quot;},{&quot;id&quot;:4403,&quot;url&quot;:&quot;https:\\\/\\\/estancco.com.ar\\\/wp-content\\\/uploads\\\/2025\\\/07\\\/R11-scaled.jpg&quot;},{&quot;id&quot;:4404,&quot;url&quot;:&quot;https:\\\/\\\/estancco.com.ar\\\/wp-content\\\/uploads\\\/2025\\\/07\\\/R12.jpg&quot;}],&quot;background_slideshow_loop&quot;:&quot;yes&quot;,&quot;background_slideshow_slide_duration&quot;:5000,&quot;background_slideshow_slide_transition&quot;:&quot;fade&quot;,&quot;background_slideshow_transition_duration&quot;:500}\">\n\t\t\t\t<\/div>\n\t\t\t\t<div class=\"elementor-element elementor-element-82288bd elementor-widget-mobile__width-initial elementor-widget elementor-widget-heading\" data-id=\"82288bd\" data-element_type=\"widget\" data-e-type=\"widget\" data-widget_type=\"heading.default\">\n\t\t\t\t<div class=\"elementor-widget-container\">\n\t\t\t\t\t<h2 class=\"elementor-heading-title elementor-size-default\">Bronze nut with ACME thread\n<\/h2>\t\t\t\t<\/div>\n\t\t\t\t<\/div>\n\t\t\t\t<\/div>\n\t\t<div class=\"elementor-element elementor-element-d8acf59 e-con-full e-flex e-con e-child\" data-id=\"d8acf59\" data-element_type=\"container\" data-e-type=\"container\">\n\t\t<div class=\"elementor-element elementor-element-ec68156 e-con-full e-flex e-con e-child\" data-id=\"ec68156\" data-element_type=\"container\" data-e-type=\"container\" data-settings=\"{&quot;background_background&quot;:&quot;slideshow&quot;,&quot;background_slideshow_gallery&quot;:[{&quot;id&quot;:4405,&quot;url&quot;:&quot;https:\\\/\\\/estancco.com.ar\\\/wp-content\\\/uploads\\\/2025\\\/07\\\/R13-scaled.jpg&quot;},{&quot;id&quot;:4406,&quot;url&quot;:&quot;https:\\\/\\\/estancco.com.ar\\\/wp-content\\\/uploads\\\/2025\\\/07\\\/R14-scaled.jpg&quot;},{&quot;id&quot;:4407,&quot;url&quot;:&quot;https:\\\/\\\/estancco.com.ar\\\/wp-content\\\/uploads\\\/2025\\\/07\\\/R15.jpg&quot;}],&quot;background_slideshow_loop&quot;:&quot;yes&quot;,&quot;background_slideshow_slide_duration&quot;:5000,&quot;background_slideshow_slide_transition&quot;:&quot;fade&quot;,&quot;background_slideshow_transition_duration&quot;:500}\">\n\t\t\t\t<\/div>\n\t\t\t\t<div class=\"elementor-element elementor-element-e381bab elementor-widget-mobile__width-initial elementor-widget elementor-widget-heading\" data-id=\"e381bab\" data-element_type=\"widget\" data-e-type=\"widget\" data-widget_type=\"heading.default\">\n\t\t\t\t<div class=\"elementor-widget-container\">\n\t\t\t\t\t<h2 class=\"elementor-heading-title elementor-size-default\">Spiders Rods\n<\/h2>\t\t\t\t<\/div>\n\t\t\t\t<\/div>\n\t\t\t\t<\/div>\n\t\t<div class=\"elementor-element elementor-element-b24fc00 e-con-full e-flex e-con e-child\" data-id=\"b24fc00\" data-element_type=\"container\" data-e-type=\"container\">\n\t\t<div class=\"elementor-element elementor-element-ce78253 e-con-full e-flex e-con e-child\" data-id=\"ce78253\" data-element_type=\"container\" data-e-type=\"container\" data-settings=\"{&quot;background_background&quot;:&quot;slideshow&quot;,&quot;background_slideshow_gallery&quot;:[{&quot;id&quot;:4408,&quot;url&quot;:&quot;https:\\\/\\\/estancco.com.ar\\\/wp-content\\\/uploads\\\/2025\\\/07\\\/R16-scaled.jpg&quot;},{&quot;id&quot;:4409,&quot;url&quot;:&quot;https:\\\/\\\/estancco.com.ar\\\/wp-content\\\/uploads\\\/2025\\\/07\\\/R17.jpg&quot;},{&quot;id&quot;:4410,&quot;url&quot;:&quot;https:\\\/\\\/estancco.com.ar\\\/wp-content\\\/uploads\\\/2025\\\/07\\\/r18-scaled.jpg&quot;}],&quot;background_slideshow_loop&quot;:&quot;yes&quot;,&quot;background_slideshow_slide_duration&quot;:5000,&quot;background_slideshow_slide_transition&quot;:&quot;fade&quot;,&quot;background_slideshow_transition_duration&quot;:500}\">\n\t\t\t\t<\/div>\n\t\t\t\t<div class=\"elementor-element elementor-element-a8fee46 elementor-widget-mobile__width-initial elementor-widget elementor-widget-heading\" data-id=\"a8fee46\" data-element_type=\"widget\" data-e-type=\"widget\" data-widget_type=\"heading.default\">\n\t\t\t\t<div class=\"elementor-widget-container\">\n\t\t\t\t\t<h2 class=\"elementor-heading-title elementor-size-default\">Separation washers made in APM\n<\/h2>\t\t\t\t<\/div>\n\t\t\t\t<\/div>\n\t\t\t\t<\/div>\n\t\t\t\t<\/div>\n\t\t\t\t\t<\/div>\n\t\t\t\t<\/div>\n\t\t<div class=\"elementor-element elementor-element-12d517f e-flex e-con-boxed e-con e-parent\" data-id=\"12d517f\" data-element_type=\"container\" data-e-type=\"container\" data-settings=\"{&quot;background_background&quot;:&quot;classic&quot;}\">\n\t\t\t\t\t<div class=\"e-con-inner\">\n\t\t<div class=\"elementor-element elementor-element-cf75cfb e-con-full e-flex e-con e-child\" data-id=\"cf75cfb\" data-element_type=\"container\" data-e-type=\"container\">\n\t\t\t\t<div class=\"elementor-element elementor-element-7f6fff4 elementor-widget elementor-widget-text-editor\" data-id=\"7f6fff4\" data-element_type=\"widget\" data-e-type=\"widget\" data-widget_type=\"text-editor.default\">\n\t\t\t\t<div class=\"elementor-widget-container\">\n\t\t\t\t\t\t\t\t\t<p>In Estancco we are committed to every one of our customers, that is why we guarantee the spare parts for each gate we make<\/p>\t\t\t\t\t\t\t\t<\/div>\n\t\t\t\t<\/div>\n\t\t\t\t<\/div>\n\t\t<div class=\"elementor-element elementor-element-825a766 e-con-full e-flex e-con e-child\" data-id=\"825a766\" data-element_type=\"container\" data-e-type=\"container\">\n\t\t\t\t<div class=\"elementor-element elementor-element-8eec48e elementor-widget elementor-widget-image\" data-id=\"8eec48e\" data-element_type=\"widget\" data-e-type=\"widget\" data-widget_type=\"image.default\">\n\t\t\t\t<div class=\"elementor-widget-container\">\n\t\t\t\t\t\t\t\t\t\t\t\t\t\t\t<img fetchpriority=\"high\" decoding=\"async\" width=\"341\" height=\"301\" src=\"https:\/\/estancco.com.ar\/wp-content\/uploads\/2025\/08\/Screenshot-2025-08-05-151347.png\" class=\"attachment-full size-full wp-image-4527\" alt=\"\" srcset=\"https:\/\/estancco.com.ar\/wp-content\/uploads\/2025\/08\/Screenshot-2025-08-05-151347.png 341w, https:\/\/estancco.com.ar\/wp-content\/uploads\/2025\/08\/Screenshot-2025-08-05-151347-300x265.png 300w\" sizes=\"(max-width: 341px) 100vw, 341px\" \/>\t\t\t\t\t\t\t\t\t\t\t\t\t\t\t<\/div>\n\t\t\t\t<\/div>\n\t\t\t\t<\/div>\n\t\t\t\t\t<\/div>\n\t\t\t\t<\/div>\n\t\t<div class=\"elementor-element elementor-element-e6ddc6a elementor-hidden-tablet elementor-hidden-mobile e-flex e-con-boxed e-con e-parent\" data-id=\"e6ddc6a\" data-element_type=\"container\" data-e-type=\"container\" data-settings=\"{&quot;background_background&quot;:&quot;classic&quot;}\">\n\t\t\t\t\t<div class=\"e-con-inner\">\n\t\t<div class=\"elementor-element elementor-element-4989579 e-flex e-con-boxed e-con e-child\" data-id=\"4989579\" data-element_type=\"container\" data-e-type=\"container\" data-settings=\"{&quot;background_background&quot;:&quot;classic&quot;}\">\n\t\t\t\t\t<div class=\"e-con-inner\">\n\t\t\t\t<div class=\"elementor-element elementor-element-d678d9f elementor-widget elementor-widget-heading\" data-id=\"d678d9f\" data-element_type=\"widget\" data-e-type=\"widget\" data-widget_type=\"heading.default\">\n\t\t\t\t<div class=\"elementor-widget-container\">\n\t\t\t\t\t<h2 class=\"elementor-heading-title elementor-size-default\">APPLICATION FORM FOR SPARE PARTS<\/h2>\t\t\t\t<\/div>\n\t\t\t\t<\/div>\n\t\t<div class=\"elementor-element elementor-element-c663a05 e-con-full e-grid e-con e-child\" data-id=\"c663a05\" data-element_type=\"container\" data-e-type=\"container\" data-settings=\"{&quot;background_background&quot;:&quot;classic&quot;}\">\n\t\t\t\t<div class=\"elementor-element elementor-element-aec785f elementor-widget__width-inherit elementor-widget elementor-widget-shortcode\" data-id=\"aec785f\" data-element_type=\"widget\" data-e-type=\"widget\" data-widget_type=\"shortcode.default\">\n\t\t\t\t<div class=\"elementor-widget-container\">\n\t\t\t\t\t\t\t<div class=\"elementor-shortcode\"><form id=\"forminator-module-4082\" class=\"forminator-custom-form forminator-custom-form-4082\" method=\"post\" data-forminator-render=\"0\" data-uid=\"69f2a3c9e2e59\" action=\"\"><div role=\"alert\" aria-live=\"polite\" class=\"forminator-response-message forminator-error\" aria-hidden=\"true\"><\/div><input type=\"hidden\" name=\"trp-form-language\" value=\"en\"\/><\/form>\n<\/div>\n\t\t\t\t\t\t<\/div>\n\t\t\t\t<\/div>\n\t\t<div class=\"elementor-element elementor-element-a44b572 e-con-full e-flex e-con e-child\" data-id=\"a44b572\" data-element_type=\"container\" data-e-type=\"container\">\n\t\t\t\t<div class=\"elementor-element elementor-element-673d9c9 elementor-widget elementor-widget-image\" data-id=\"673d9c9\" data-element_type=\"widget\" data-e-type=\"widget\" data-widget_type=\"image.default\">\n\t\t\t\t<div class=\"elementor-widget-container\">\n\t\t\t\t\t\t\t\t\t\t\t\t\t\t\t<img decoding=\"async\" width=\"1000\" height=\"525\" src=\"https:\/\/estancco.com.ar\/wp-content\/uploads\/2025\/08\/PL-CH.png\" class=\"attachment-full size-full wp-image-6248\" alt=\"\" srcset=\"https:\/\/estancco.com.ar\/wp-content\/uploads\/2025\/08\/PL-CH.png 1000w, https:\/\/estancco.com.ar\/wp-content\/uploads\/2025\/08\/PL-CH-300x158.png 300w, https:\/\/estancco.com.ar\/wp-content\/uploads\/2025\/08\/PL-CH-768x403.png 768w, https:\/\/estancco.com.ar\/wp-content\/uploads\/2025\/08\/PL-CH-18x9.png 18w\" sizes=\"(max-width: 1000px) 100vw, 1000px\" \/>\t\t\t\t\t\t\t\t\t\t\t\t\t\t\t<\/div>\n\t\t\t\t<\/div>\n\t\t\t\t<div class=\"elementor-element elementor-element-23587f7 elementor-widget elementor-widget-heading\" data-id=\"23587f7\" data-element_type=\"widget\" data-e-type=\"widget\" data-widget_type=\"heading.default\">\n\t\t\t\t<div class=\"elementor-widget-container\">\n\t\t\t\t\t<h2 class=\"elementor-heading-title elementor-size-default\">Check the serial number present on the label of the product. below the picture of the label on the right side in the form of request for spare parts.\n<\/h2>\t\t\t\t<\/div>\n\t\t\t\t<\/div>\n\t\t\t\t<\/div>\n\t\t\t\t<\/div>\n\t\t\t\t\t<\/div>\n\t\t\t\t<\/div>\n\t\t\t\t\t<\/div>\n\t\t\t\t<\/div>\n\t\t<div class=\"elementor-element elementor-element-142b489 elementor-hidden-desktop e-flex e-con-boxed e-con e-parent\" data-id=\"142b489\" data-element_type=\"container\" data-e-type=\"container\" data-settings=\"{&quot;background_background&quot;:&quot;classic&quot;}\">\n\t\t\t\t\t<div class=\"e-con-inner\">\n\t\t<div class=\"elementor-element elementor-element-335c066 e-con-full e-flex e-con e-child\" data-id=\"335c066\" data-element_type=\"container\" data-e-type=\"container\" data-settings=\"{&quot;background_background&quot;:&quot;classic&quot;}\">\n\t\t\t\t<div class=\"elementor-element elementor-element-ffff73b elementor-widget elementor-widget-heading\" data-id=\"ffff73b\" data-element_type=\"widget\" data-e-type=\"widget\" data-widget_type=\"heading.default\">\n\t\t\t\t<div class=\"elementor-widget-container\">\n\t\t\t\t\t<h2 class=\"elementor-heading-title elementor-size-default\">APPLICATION FORM FOR SPARE PARTS<\/h2>\t\t\t\t<\/div>\n\t\t\t\t<\/div>\n\t\t\t\t<div class=\"elementor-element elementor-element-7ec2ae0 elementor-widget elementor-widget-image\" data-id=\"7ec2ae0\" data-element_type=\"widget\" data-e-type=\"widget\" data-widget_type=\"image.default\">\n\t\t\t\t<div class=\"elementor-widget-container\">\n\t\t\t\t\t\t\t\t\t\t\t\t\t\t\t<img decoding=\"async\" width=\"1000\" height=\"525\" src=\"https:\/\/estancco.com.ar\/wp-content\/uploads\/2024\/09\/PL-CH.png\" class=\"attachment-full size-full wp-image-2155\" alt=\"\" srcset=\"https:\/\/estancco.com.ar\/wp-content\/uploads\/2024\/09\/PL-CH.png 1000w, https:\/\/estancco.com.ar\/wp-content\/uploads\/2024\/09\/PL-CH-300x158.png 300w, https:\/\/estancco.com.ar\/wp-content\/uploads\/2024\/09\/PL-CH-768x403.png 768w\" sizes=\"(max-width: 1000px) 100vw, 1000px\" \/>\t\t\t\t\t\t\t\t\t\t\t\t\t\t\t<\/div>\n\t\t\t\t<\/div>\n\t\t\t\t<div class=\"elementor-element elementor-element-1200a6c elementor-widget elementor-widget-heading\" data-id=\"1200a6c\" data-element_type=\"widget\" data-e-type=\"widget\" data-widget_type=\"heading.default\">\n\t\t\t\t<div class=\"elementor-widget-container\">\n\t\t\t\t\t<h2 class=\"elementor-heading-title elementor-size-default\">Check the serial number present on the label of the product. below the picture of the label on the right side in the form of request for spare parts.\n<\/h2>\t\t\t\t<\/div>\n\t\t\t\t<\/div>\n\t\t\t\t<div class=\"elementor-element elementor-element-ad6f2ac elementor-widget elementor-widget-shortcode\" data-id=\"ad6f2ac\" data-element_type=\"widget\" data-e-type=\"widget\" data-widget_type=\"shortcode.default\">\n\t\t\t\t<div class=\"elementor-widget-container\">\n\t\t\t\t\t\t\t<div class=\"elementor-shortcode\"><form id=\"forminator-module-4082\" class=\"forminator-custom-form forminator-custom-form-4082\" method=\"post\" data-forminator-render=\"1\" data-uid=\"69f2a3c9e3e72\" action=\"\"><div role=\"alert\" aria-live=\"polite\" class=\"forminator-response-message forminator-error\" aria-hidden=\"true\"><\/div><input type=\"hidden\" name=\"trp-form-language\" value=\"en\"\/><\/form>\n<\/div>\n\t\t\t\t\t\t<\/div>\n\t\t\t\t<\/div>\n\t\t\t\t<\/div>\n\t\t\t\t\t<\/div>\n\t\t\t\t<\/div>\n\t\t\t\t<\/div>","protected":false},"excerpt":{"rendered":"<p>Todos nuestros repuestos est\u00e1n disponibles Sello hidr\u00e1ulico construido en EPDM con uniones vulcanizadas en caliente Caja porta tuerca. Incluye tuerca de bronce, soportes y arandelas Final de carrera con tope limitador para v\u00e1stago ascendente Tuerca de bronce con rosca ACME Centradores para V\u00e1stagos Arandelas de separaci\u00f3n construidas en APM En Estancco estamos comprometidos con cada [&hellip;]<\/p>","protected":false},"author":9,"featured_media":0,"parent":0,"menu_order":0,"comment_status":"closed","ping_status":"closed","template":"","meta":{"om_disable_all_campaigns":false,"_monsterinsights_skip_tracking":false,"_monsterinsights_sitenote_active":false,"_monsterinsights_sitenote_note":"","_monsterinsights_sitenote_category":0,"_uf_show_specific_survey":0,"_uf_disable_surveys":false,"footnotes":""},"class_list":["post-4035","page","type-page","status-publish","hentry"],"aioseo_notices":[],"_links":{"self":[{"href":"https:\/\/estancco.com.ar\/en\/wp-json\/wp\/v2\/pages\/4035","targetHints":{"allow":["GET"]}}],"collection":[{"href":"https:\/\/estancco.com.ar\/en\/wp-json\/wp\/v2\/pages"}],"about":[{"href":"https:\/\/estancco.com.ar\/en\/wp-json\/wp\/v2\/types\/page"}],"author":[{"embeddable":true,"href":"https:\/\/estancco.com.ar\/en\/wp-json\/wp\/v2\/users\/9"}],"replies":[{"embeddable":true,"href":"https:\/\/estancco.com.ar\/en\/wp-json\/wp\/v2\/comments?post=4035"}],"version-history":[{"count":0,"href":"https:\/\/estancco.com.ar\/en\/wp-json\/wp\/v2\/pages\/4035\/revisions"}],"wp:attachment":[{"href":"https:\/\/estancco.com.ar\/en\/wp-json\/wp\/v2\/media?parent=4035"}],"curies":[{"name":"wp","href":"https:\/\/api.w.org\/{rel}","templated":true}]}}